{"id":90,"date":"2023-06-15T05:52:12","date_gmt":"2023-10-01T15:25:37","guid":{"rendered":"https:\/\/yucari.local\/?post_type=product&#038;p=90"},"modified":"2023-12-09T16:27:42","modified_gmt":"2023-12-09T19:27:42","slug":"t-shirt-bossa","status":"publish","type":"product","link":"https:\/\/host86.com.br\/clientes23\/yucari\/produto\/t-shirt-bossa\/","title":{"rendered":"T-shirt Bossa"},"content":{"rendered":"<p>Cor: OFF WHITE<br \/>\nCamiseta com modelagem cl\u00e1ssica<br \/>\n100% algod\u00e3o \/ certifica\u00e7\u00e3o BCI<br \/>\n250GSM<br \/>\nEstampa frontal em silk<br \/>\nGola 3cm<\/p>\n<p>Jo\u00e3o mede 1,88m e veste M<\/p>\n<p>&#8212;<\/p>\n<p>P: Largura:58cm Comprimento: 74cm<br \/>\nM: Largura: 60cm Comprimento:76cm<br \/>\nG: Largura:62cm Comprimento: 78cm<br \/>\nGG: Largura: 64cm Comprimento: 80cm<\/p>\n","protected":false},"excerpt":{"rendered":"<p>Cor: OFF WHITE Camiseta com modelagem cl\u00e1ssica 100% algod\u00e3o \/ certifica\u00e7\u00e3o BCI 250GSM Estampa frontal em silk Gola 3cm Jo\u00e3o mede 1,88m e veste M &#8212; P: Largura:58cm Comprimento: 74cm M: Largura: 60cm Comprimento:76cm G: Largura:62cm Comprimento: 78cm GG: Largura: 64cm Comprimento: 80cm<\/p>\n","protected":false},"featured_media":314,"comment_status":"open","ping_status":"closed","template":"","meta":{"inline_featured_image":false},"product_cat":[15],"product_tag":[],"class_list":["post-90","product","type-product","status-publish","has-post-thumbnail","hentry","product_cat-produtos"],"acf":[],"_links":{"self":[{"href":"https:\/\/host86.com.br\/clientes23\/yucari\/wp-json\/wp\/v2\/product\/90","targetHints":{"allow":["GET"]}}],"collection":[{"href":"https:\/\/host86.com.br\/clientes23\/yucari\/wp-json\/wp\/v2\/product"}],"about":[{"href":"https:\/\/host86.com.br\/clientes23\/yucari\/wp-json\/wp\/v2\/types\/product"}],"replies":[{"embeddable":true,"href":"https:\/\/host86.com.br\/clientes23\/yucari\/wp-json\/wp\/v2\/comments?post=90"}],"wp:featuredmedia":[{"embeddable":true,"href":"https:\/\/host86.com.br\/clientes23\/yucari\/wp-json\/wp\/v2\/media\/314"}],"wp:attachment":[{"href":"https:\/\/host86.com.br\/clientes23\/yucari\/wp-json\/wp\/v2\/media?parent=90"}],"wp:term":[{"taxonomy":"product_cat","embeddable":true,"href":"https:\/\/host86.com.br\/clientes23\/yucari\/wp-json\/wp\/v2\/product_cat?post=90"},{"taxonomy":"product_tag","embeddable":true,"href":"https:\/\/host86.com.br\/clientes23\/yucari\/wp-json\/wp\/v2\/product_tag?post=90"}],"curies":[{"name":"wp","href":"https:\/\/api.w.org\/{rel}","templated":true}]}}