{"id":648,"date":"2024-10-01T14:06:37","date_gmt":"2024-10-01T17:06:37","guid":{"rendered":"https:\/\/host86.com.br\/clientes23\/yucari\/?post_type=product&#038;p=648"},"modified":"2024-10-01T15:41:39","modified_gmt":"2024-10-01T18:41:39","slug":"t-shirt-football","status":"publish","type":"product","link":"https:\/\/host86.com.br\/clientes23\/yucari\/produto\/t-shirt-football\/","title":{"rendered":"T-shirt Football"},"content":{"rendered":"<p dir=\"ltr\"><strong>T-SHIRT FUTEBOL<\/strong><\/p>\n<ul>\n<li style=\"font-weight: 400;\">100% algod\u00e3o<\/li>\n<li style=\"font-weight: 400;\">260Gsm<\/li>\n<li style=\"font-weight: 400;\">Modelagem exclusiva Yucari\/cl\u00e1ssica regular<\/li>\n<li style=\"font-weight: 400;\">Estampa em silk frente e verso<\/li>\n<li style=\"font-weight: 400;\">Pr\u00e9-encolhida<\/li>\n<\/ul>\n<p><strong>Tobias tem 1,90m e veste G\u00a0<\/strong>\/\u00a0<strong>Julia tem 1,74 e veste M<\/strong><\/p>\n<p>OBS: Todos os pedidos ser\u00e3o enviados ap\u00f3s 3 dias \u00fateis da confirma\u00e7\u00e3o de pagamento do cliente.<\/p>\n","protected":false},"excerpt":{"rendered":"<p>T-SHIRT FUTEBOL 100% algod\u00e3o 260Gsm Modelagem exclusiva Yucari\/cl\u00e1ssica regular Estampa em silk frente e verso Pr\u00e9-encolhida Tobias tem 1,90m e veste G\u00a0\/\u00a0Julia tem 1,74 e veste M OBS: Todos os pedidos ser\u00e3o enviados ap\u00f3s 3 dias \u00fateis da confirma\u00e7\u00e3o de pagamento do cliente.<\/p>\n","protected":false},"featured_media":598,"comment_status":"open","ping_status":"closed","template":"","meta":{"inline_featured_image":false},"product_cat":[15],"product_tag":[],"class_list":["post-648","product","type-product","status-publish","has-post-thumbnail","hentry","product_cat-produtos"],"acf":[],"_links":{"self":[{"href":"https:\/\/host86.com.br\/clientes23\/yucari\/wp-json\/wp\/v2\/product\/648","targetHints":{"allow":["GET"]}}],"collection":[{"href":"https:\/\/host86.com.br\/clientes23\/yucari\/wp-json\/wp\/v2\/product"}],"about":[{"href":"https:\/\/host86.com.br\/clientes23\/yucari\/wp-json\/wp\/v2\/types\/product"}],"replies":[{"embeddable":true,"href":"https:\/\/host86.com.br\/clientes23\/yucari\/wp-json\/wp\/v2\/comments?post=648"}],"wp:featuredmedia":[{"embeddable":true,"href":"https:\/\/host86.com.br\/clientes23\/yucari\/wp-json\/wp\/v2\/media\/598"}],"wp:attachment":[{"href":"https:\/\/host86.com.br\/clientes23\/yucari\/wp-json\/wp\/v2\/media?parent=648"}],"wp:term":[{"taxonomy":"product_cat","embeddable":true,"href":"https:\/\/host86.com.br\/clientes23\/yucari\/wp-json\/wp\/v2\/product_cat?post=648"},{"taxonomy":"product_tag","embeddable":true,"href":"https:\/\/host86.com.br\/clientes23\/yucari\/wp-json\/wp\/v2\/product_tag?post=648"}],"curies":[{"name":"wp","href":"https:\/\/api.w.org\/{rel}","templated":true}]}}