{"id":643,"date":"2024-10-01T14:00:59","date_gmt":"2024-10-01T17:00:59","guid":{"rendered":"https:\/\/host86.com.br\/clientes23\/yucari\/?post_type=product&#038;p=643"},"modified":"2024-10-01T14:03:38","modified_gmt":"2024-10-01T17:03:38","slug":"knit-bossa-short","status":"publish","type":"product","link":"https:\/\/host86.com.br\/clientes23\/yucari\/produto\/knit-bossa-short\/","title":{"rendered":"Knit Bossa Short"},"content":{"rendered":"<p><strong>KNIT BOSSA SHORT\u00a0<\/strong><\/p>\n<ul>\n<li>100% algod\u00e3o<\/li>\n<li>Trama com aspecto de tricot<\/li>\n<li>Modelagem cl\u00e1ssica<\/li>\n<li>Bordado vermelho<\/li>\n<li>Bolso faca<\/li>\n<li>Cord\u00e3o cru<\/li>\n<li>El\u00e1stico no c\u00f3s<\/li>\n<\/ul>\n<p>Tobias tem 1,90m e veste M<\/p>\n<p>OBS: Todos os pedidos ser\u00e3o enviados ap\u00f3s 3 dias \u00fateis da confirma\u00e7\u00e3o de pagamento do cliente.<\/p>\n","protected":false},"excerpt":{"rendered":"<p>KNIT BOSSA SHORT\u00a0 100% algod\u00e3o Trama com aspecto de tricot Modelagem cl\u00e1ssica Bordado vermelho Bolso faca Cord\u00e3o cru El\u00e1stico no c\u00f3s Tobias tem 1,90m e veste M OBS: Todos os pedidos ser\u00e3o enviados ap\u00f3s 3 dias \u00fateis da confirma\u00e7\u00e3o de pagamento do cliente.<\/p>\n","protected":false},"featured_media":615,"comment_status":"open","ping_status":"closed","template":"","meta":{"inline_featured_image":false},"product_cat":[15],"product_tag":[],"class_list":["post-643","product","type-product","status-publish","has-post-thumbnail","hentry","product_cat-produtos"],"acf":[],"_links":{"self":[{"href":"https:\/\/host86.com.br\/clientes23\/yucari\/wp-json\/wp\/v2\/product\/643","targetHints":{"allow":["GET"]}}],"collection":[{"href":"https:\/\/host86.com.br\/clientes23\/yucari\/wp-json\/wp\/v2\/product"}],"about":[{"href":"https:\/\/host86.com.br\/clientes23\/yucari\/wp-json\/wp\/v2\/types\/product"}],"replies":[{"embeddable":true,"href":"https:\/\/host86.com.br\/clientes23\/yucari\/wp-json\/wp\/v2\/comments?post=643"}],"wp:featuredmedia":[{"embeddable":true,"href":"https:\/\/host86.com.br\/clientes23\/yucari\/wp-json\/wp\/v2\/media\/615"}],"wp:attachment":[{"href":"https:\/\/host86.com.br\/clientes23\/yucari\/wp-json\/wp\/v2\/media?parent=643"}],"wp:term":[{"taxonomy":"product_cat","embeddable":true,"href":"https:\/\/host86.com.br\/clientes23\/yucari\/wp-json\/wp\/v2\/product_cat?post=643"},{"taxonomy":"product_tag","embeddable":true,"href":"https:\/\/host86.com.br\/clientes23\/yucari\/wp-json\/wp\/v2\/product_tag?post=643"}],"curies":[{"name":"wp","href":"https:\/\/api.w.org\/{rel}","templated":true}]}}