{"id":638,"date":"2024-10-01T13:58:02","date_gmt":"2024-10-01T16:58:02","guid":{"rendered":"https:\/\/host86.com.br\/clientes23\/yucari\/?post_type=product&#038;p=638"},"modified":"2024-10-01T14:00:14","modified_gmt":"2024-10-01T17:00:14","slug":"jersey-holes","status":"publish","type":"product","link":"https:\/\/host86.com.br\/clientes23\/yucari\/produto\/jersey-holes\/","title":{"rendered":"Jersey Holes"},"content":{"rendered":"<p><strong>JERSEY HOLES<\/strong><\/p>\n<ul>\n<li style=\"font-weight: 400;\">100% poli\u00e9ster<\/li>\n<li style=\"font-weight: 400;\">Modelagem mais quadrada<\/li>\n<li style=\"font-weight: 400;\">Gola em ribana<\/li>\n<li style=\"font-weight: 400;\">Patch em tecido &#8220;yucari&#8221;<\/li>\n<\/ul>\n<p><strong>Tobias tem 1,90m e veste G\u00a0<\/strong>\/\u00a0<strong>Julia tem 1,74 e veste M<\/strong><\/p>\n<p>OBS: Todos os pedidos ser\u00e3o enviados ap\u00f3s 3 dias \u00fateis da confirma\u00e7\u00e3o de pagamento do cliente.<\/p>\n","protected":false},"excerpt":{"rendered":"<p>JERSEY HOLES 100% poli\u00e9ster Modelagem mais quadrada Gola em ribana Patch em tecido &#8220;yucari&#8221; Tobias tem 1,90m e veste G\u00a0\/\u00a0Julia tem 1,74 e veste M OBS: Todos os pedidos ser\u00e3o enviados ap\u00f3s 3 dias \u00fateis da confirma\u00e7\u00e3o de pagamento do cliente.<\/p>\n","protected":false},"featured_media":611,"comment_status":"open","ping_status":"closed","template":"","meta":{"inline_featured_image":false},"product_cat":[15],"product_tag":[],"class_list":["post-638","product","type-product","status-publish","has-post-thumbnail","hentry","product_cat-produtos"],"acf":[],"_links":{"self":[{"href":"https:\/\/host86.com.br\/clientes23\/yucari\/wp-json\/wp\/v2\/product\/638","targetHints":{"allow":["GET"]}}],"collection":[{"href":"https:\/\/host86.com.br\/clientes23\/yucari\/wp-json\/wp\/v2\/product"}],"about":[{"href":"https:\/\/host86.com.br\/clientes23\/yucari\/wp-json\/wp\/v2\/types\/product"}],"replies":[{"embeddable":true,"href":"https:\/\/host86.com.br\/clientes23\/yucari\/wp-json\/wp\/v2\/comments?post=638"}],"wp:featuredmedia":[{"embeddable":true,"href":"https:\/\/host86.com.br\/clientes23\/yucari\/wp-json\/wp\/v2\/media\/611"}],"wp:attachment":[{"href":"https:\/\/host86.com.br\/clientes23\/yucari\/wp-json\/wp\/v2\/media?parent=638"}],"wp:term":[{"taxonomy":"product_cat","embeddable":true,"href":"https:\/\/host86.com.br\/clientes23\/yucari\/wp-json\/wp\/v2\/product_cat?post=638"},{"taxonomy":"product_tag","embeddable":true,"href":"https:\/\/host86.com.br\/clientes23\/yucari\/wp-json\/wp\/v2\/product_tag?post=638"}],"curies":[{"name":"wp","href":"https:\/\/api.w.org\/{rel}","templated":true}]}}