{"id":633,"date":"2024-10-01T13:49:48","date_gmt":"2024-10-01T16:49:48","guid":{"rendered":"https:\/\/host86.com.br\/clientes23\/yucari\/?post_type=product&#038;p=633"},"modified":"2024-10-01T13:57:33","modified_gmt":"2024-10-01T16:57:33","slug":"cargo-pant","status":"publish","type":"product","link":"https:\/\/host86.com.br\/clientes23\/yucari\/produto\/cargo-pant\/","title":{"rendered":"Cargo Pant"},"content":{"rendered":"<p><strong>CARGO PANT<\/strong><\/p>\n<ul>\n<li>100% Nylon<\/li>\n<li>Modelagem cargo\/ Reta<\/li>\n<li>Cordao para regulagem na barra<\/li>\n<li>Bolsos laterias cargo com ziper e bolsos traseiros<\/li>\n<li>Bordado vemelho na bolso de tr\u00e1s<\/li>\n<li>El\u00e1stico na parte de tr\u00e1s do c\u00f3s<\/li>\n<li>Pregas<\/li>\n<\/ul>\n<p>Tobias tem 1,90m e veste G<\/p>\n<p>OBS: Todos os pedidos ser\u00e3o enviados ap\u00f3s 3 dias \u00fateis da confirma\u00e7\u00e3o de pagamento do cliente.<\/p>\n","protected":false},"excerpt":{"rendered":"<p>CARGO PANT 100% Nylon Modelagem cargo\/ Reta Cordao para regulagem na barra Bolsos laterias cargo com ziper e bolsos traseiros Bordado vemelho na bolso de tr\u00e1s El\u00e1stico na parte de tr\u00e1s do c\u00f3s Pregas Tobias tem 1,90m e veste G OBS: Todos os pedidos ser\u00e3o enviados ap\u00f3s 3 dias \u00fateis da confirma\u00e7\u00e3o de pagamento do [&hellip;]<\/p>\n","protected":false},"featured_media":595,"comment_status":"open","ping_status":"closed","template":"","meta":{"inline_featured_image":false},"product_cat":[15],"product_tag":[],"class_list":["post-633","product","type-product","status-publish","has-post-thumbnail","hentry","product_cat-produtos"],"acf":[],"_links":{"self":[{"href":"https:\/\/host86.com.br\/clientes23\/yucari\/wp-json\/wp\/v2\/product\/633","targetHints":{"allow":["GET"]}}],"collection":[{"href":"https:\/\/host86.com.br\/clientes23\/yucari\/wp-json\/wp\/v2\/product"}],"about":[{"href":"https:\/\/host86.com.br\/clientes23\/yucari\/wp-json\/wp\/v2\/types\/product"}],"replies":[{"embeddable":true,"href":"https:\/\/host86.com.br\/clientes23\/yucari\/wp-json\/wp\/v2\/comments?post=633"}],"wp:featuredmedia":[{"embeddable":true,"href":"https:\/\/host86.com.br\/clientes23\/yucari\/wp-json\/wp\/v2\/media\/595"}],"wp:attachment":[{"href":"https:\/\/host86.com.br\/clientes23\/yucari\/wp-json\/wp\/v2\/media?parent=633"}],"wp:term":[{"taxonomy":"product_cat","embeddable":true,"href":"https:\/\/host86.com.br\/clientes23\/yucari\/wp-json\/wp\/v2\/product_cat?post=633"},{"taxonomy":"product_tag","embeddable":true,"href":"https:\/\/host86.com.br\/clientes23\/yucari\/wp-json\/wp\/v2\/product_tag?post=633"}],"curies":[{"name":"wp","href":"https:\/\/api.w.org\/{rel}","templated":true}]}}