{"id":588,"date":"2024-09-09T10:41:32","date_gmt":"2024-09-09T13:41:32","guid":{"rendered":"https:\/\/host86.com.br\/clientes23\/yucari\/?post_type=product&#038;p=588"},"modified":"2024-09-30T14:08:55","modified_gmt":"2024-09-30T17:08:55","slug":"pomodoro-hat","status":"publish","type":"product","link":"https:\/\/host86.com.br\/clientes23\/yucari\/produto\/pomodoro-hat\/","title":{"rendered":"Pomodoro Hat"},"content":{"rendered":"<p>POMODORO VINTAGE HAT<\/p>\n<ul>\n<li>Bon\u00e9 branco ajust\u00e1vel com estampa de tomates express\u00f5es vermelho pomodoro<\/li>\n<li>Tela interna na parte frontal<\/li>\n<\/ul>\n","protected":false},"excerpt":{"rendered":"<p>POMODORO VINTAGE HAT Bon\u00e9 branco ajust\u00e1vel com estampa de tomates express\u00f5es vermelho pomodoro Tela interna na parte frontal<\/p>\n","protected":false},"featured_media":543,"comment_status":"open","ping_status":"closed","template":"","meta":{"inline_featured_image":false},"product_cat":[15],"product_tag":[],"class_list":["post-588","product","type-product","status-publish","has-post-thumbnail","hentry","product_cat-produtos"],"acf":[],"_links":{"self":[{"href":"https:\/\/host86.com.br\/clientes23\/yucari\/wp-json\/wp\/v2\/product\/588","targetHints":{"allow":["GET"]}}],"collection":[{"href":"https:\/\/host86.com.br\/clientes23\/yucari\/wp-json\/wp\/v2\/product"}],"about":[{"href":"https:\/\/host86.com.br\/clientes23\/yucari\/wp-json\/wp\/v2\/types\/product"}],"replies":[{"embeddable":true,"href":"https:\/\/host86.com.br\/clientes23\/yucari\/wp-json\/wp\/v2\/comments?post=588"}],"wp:featuredmedia":[{"embeddable":true,"href":"https:\/\/host86.com.br\/clientes23\/yucari\/wp-json\/wp\/v2\/media\/543"}],"wp:attachment":[{"href":"https:\/\/host86.com.br\/clientes23\/yucari\/wp-json\/wp\/v2\/media?parent=588"}],"wp:term":[{"taxonomy":"product_cat","embeddable":true,"href":"https:\/\/host86.com.br\/clientes23\/yucari\/wp-json\/wp\/v2\/product_cat?post=588"},{"taxonomy":"product_tag","embeddable":true,"href":"https:\/\/host86.com.br\/clientes23\/yucari\/wp-json\/wp\/v2\/product_tag?post=588"}],"curies":[{"name":"wp","href":"https:\/\/api.w.org\/{rel}","templated":true}]}}