{"id":583,"date":"2024-09-09T10:32:22","date_gmt":"2024-09-09T13:32:22","guid":{"rendered":"https:\/\/host86.com.br\/clientes23\/yucari\/?post_type=product&#038;p=583"},"modified":"2024-10-01T15:37:44","modified_gmt":"2024-10-01T18:37:44","slug":"t-shirt-this-is-bossa","status":"publish","type":"product","link":"https:\/\/host86.com.br\/clientes23\/yucari\/produto\/t-shirt-this-is-bossa\/","title":{"rendered":"T-shirt This is Bossa"},"content":{"rendered":"<p>T-SHIRT THIS IS BOSSA &#8211; PRETA<\/p>\n<ul>\n<li>Camiseta preta 100% algod\u00e3o com 260Gsm com toque macio e confort\u00e1vel<\/li>\n<li>Estampa frontal e costas em preto com brilho metalizado.<\/li>\n<\/ul>\n<p>Tobias tem 1,90m e veste G<\/p>\n<p>OBS: Todos os pedidos ser\u00e3o enviados ap\u00f3s 3 dias \u00fateis da confirma\u00e7\u00e3o de pagamento do cliente.<\/p>\n","protected":false},"excerpt":{"rendered":"<p>T-SHIRT THIS IS BOSSA &#8211; PRETA Camiseta preta 100% algod\u00e3o com 260Gsm com toque macio e confort\u00e1vel Estampa frontal e costas em preto com brilho metalizado. Tobias tem 1,90m e veste G OBS: Todos os pedidos ser\u00e3o enviados ap\u00f3s 3 dias \u00fateis da confirma\u00e7\u00e3o de pagamento do cliente.<\/p>\n","protected":false},"featured_media":549,"comment_status":"open","ping_status":"closed","template":"","meta":{"inline_featured_image":false},"product_cat":[15],"product_tag":[],"class_list":["post-583","product","type-product","status-publish","has-post-thumbnail","hentry","product_cat-produtos"],"acf":[],"_links":{"self":[{"href":"https:\/\/host86.com.br\/clientes23\/yucari\/wp-json\/wp\/v2\/product\/583","targetHints":{"allow":["GET"]}}],"collection":[{"href":"https:\/\/host86.com.br\/clientes23\/yucari\/wp-json\/wp\/v2\/product"}],"about":[{"href":"https:\/\/host86.com.br\/clientes23\/yucari\/wp-json\/wp\/v2\/types\/product"}],"replies":[{"embeddable":true,"href":"https:\/\/host86.com.br\/clientes23\/yucari\/wp-json\/wp\/v2\/comments?post=583"}],"wp:featuredmedia":[{"embeddable":true,"href":"https:\/\/host86.com.br\/clientes23\/yucari\/wp-json\/wp\/v2\/media\/549"}],"wp:attachment":[{"href":"https:\/\/host86.com.br\/clientes23\/yucari\/wp-json\/wp\/v2\/media?parent=583"}],"wp:term":[{"taxonomy":"product_cat","embeddable":true,"href":"https:\/\/host86.com.br\/clientes23\/yucari\/wp-json\/wp\/v2\/product_cat?post=583"},{"taxonomy":"product_tag","embeddable":true,"href":"https:\/\/host86.com.br\/clientes23\/yucari\/wp-json\/wp\/v2\/product_tag?post=583"}],"curies":[{"name":"wp","href":"https:\/\/api.w.org\/{rel}","templated":true}]}}