{"id":578,"date":"2024-09-09T10:28:09","date_gmt":"2024-09-09T13:28:09","guid":{"rendered":"https:\/\/host86.com.br\/clientes23\/yucari\/?post_type=product&#038;p=578"},"modified":"2024-10-01T15:36:11","modified_gmt":"2024-10-01T18:36:11","slug":"t-shirt-picasso","status":"publish","type":"product","link":"https:\/\/host86.com.br\/clientes23\/yucari\/produto\/t-shirt-picasso\/","title":{"rendered":"T-shirt Picasso"},"content":{"rendered":"<p>T-SHIRT PICASSO<\/p>\n<ul>\n<li>Camiseta off white 100% algod\u00e3o com 260Gsm com toque macio e confort\u00e1vel<\/li>\n<li>Estampa feita pela sobrinha de 7 anos dos donos da marca a partir de uma releitura da obra &#8220;The Flowers peace&#8221; de Pablo Picasso<\/li>\n<li>Estampa frontal e costas.<\/li>\n<\/ul>\n<p>Tobias tem 1,90m e veste G<\/p>\n<p>OBS: Todos os pedidos ser\u00e3o enviados ap\u00f3s 3 dias \u00fateis da confirma\u00e7\u00e3o de pagamento do cliente.<\/p>\n","protected":false},"excerpt":{"rendered":"<p>T-SHIRT PICASSO Camiseta off white 100% algod\u00e3o com 260Gsm com toque macio e confort\u00e1vel Estampa feita pela sobrinha de 7 anos dos donos da marca a partir de uma releitura da obra &#8220;The Flowers peace&#8221; de Pablo Picasso Estampa frontal e costas. Tobias tem 1,90m e veste G OBS: Todos os pedidos ser\u00e3o enviados ap\u00f3s [&hellip;]<\/p>\n","protected":false},"featured_media":532,"comment_status":"open","ping_status":"closed","template":"","meta":{"inline_featured_image":false},"product_cat":[15],"product_tag":[],"class_list":["post-578","product","type-product","status-publish","has-post-thumbnail","hentry","product_cat-produtos"],"acf":[],"_links":{"self":[{"href":"https:\/\/host86.com.br\/clientes23\/yucari\/wp-json\/wp\/v2\/product\/578","targetHints":{"allow":["GET"]}}],"collection":[{"href":"https:\/\/host86.com.br\/clientes23\/yucari\/wp-json\/wp\/v2\/product"}],"about":[{"href":"https:\/\/host86.com.br\/clientes23\/yucari\/wp-json\/wp\/v2\/types\/product"}],"replies":[{"embeddable":true,"href":"https:\/\/host86.com.br\/clientes23\/yucari\/wp-json\/wp\/v2\/comments?post=578"}],"wp:featuredmedia":[{"embeddable":true,"href":"https:\/\/host86.com.br\/clientes23\/yucari\/wp-json\/wp\/v2\/media\/532"}],"wp:attachment":[{"href":"https:\/\/host86.com.br\/clientes23\/yucari\/wp-json\/wp\/v2\/media?parent=578"}],"wp:term":[{"taxonomy":"product_cat","embeddable":true,"href":"https:\/\/host86.com.br\/clientes23\/yucari\/wp-json\/wp\/v2\/product_cat?post=578"},{"taxonomy":"product_tag","embeddable":true,"href":"https:\/\/host86.com.br\/clientes23\/yucari\/wp-json\/wp\/v2\/product_tag?post=578"}],"curies":[{"name":"wp","href":"https:\/\/api.w.org\/{rel}","templated":true}]}}