{"id":568,"date":"2024-09-09T10:04:37","date_gmt":"2024-09-09T13:04:37","guid":{"rendered":"https:\/\/host86.com.br\/clientes23\/yucari\/?post_type=product&#038;p=568"},"modified":"2024-10-01T15:43:15","modified_gmt":"2024-10-01T18:43:15","slug":"tracksuit-sport-moltisanti","status":"publish","type":"product","link":"https:\/\/host86.com.br\/clientes23\/yucari\/produto\/tracksuit-sport-moltisanti\/","title":{"rendered":"Tracksuit Sport Moltisanti"},"content":{"rendered":"<p>TRACKSUIT SPORT MOLTISANTI<\/p>\n<ul>\n<li>Jaqueta preta 100% poli\u00e9ster<\/li>\n<li>Touca remov\u00edvel<\/li>\n<li>Z\u00edper duplo YKK com puxadores na cor vermelha<\/li>\n<li>Forro em tela e logo bordado vermelho lado esquerdo<\/li>\n<\/ul>\n<p>Tobias tem 1,90m e veste G<\/p>\n<p>OBS: Todos os pedidos ser\u00e3o enviados ap\u00f3s 3 dias \u00fateis da confirma\u00e7\u00e3o de pagamento do cliente.<\/p>\n","protected":false},"excerpt":{"rendered":"<p>TRACKSUIT SPORT MOLTISANTI Jaqueta preta 100% poli\u00e9ster Touca remov\u00edvel Z\u00edper duplo YKK com puxadores na cor vermelha Forro em tela e logo bordado vermelho lado esquerdo Tobias tem 1,90m e veste G OBS: Todos os pedidos ser\u00e3o enviados ap\u00f3s 3 dias \u00fateis da confirma\u00e7\u00e3o de pagamento do cliente.<\/p>\n","protected":false},"featured_media":555,"comment_status":"open","ping_status":"closed","template":"","meta":{"inline_featured_image":false},"product_cat":[15],"product_tag":[],"class_list":["post-568","product","type-product","status-publish","has-post-thumbnail","hentry","product_cat-produtos"],"acf":[],"_links":{"self":[{"href":"https:\/\/host86.com.br\/clientes23\/yucari\/wp-json\/wp\/v2\/product\/568","targetHints":{"allow":["GET"]}}],"collection":[{"href":"https:\/\/host86.com.br\/clientes23\/yucari\/wp-json\/wp\/v2\/product"}],"about":[{"href":"https:\/\/host86.com.br\/clientes23\/yucari\/wp-json\/wp\/v2\/types\/product"}],"replies":[{"embeddable":true,"href":"https:\/\/host86.com.br\/clientes23\/yucari\/wp-json\/wp\/v2\/comments?post=568"}],"wp:featuredmedia":[{"embeddable":true,"href":"https:\/\/host86.com.br\/clientes23\/yucari\/wp-json\/wp\/v2\/media\/555"}],"wp:attachment":[{"href":"https:\/\/host86.com.br\/clientes23\/yucari\/wp-json\/wp\/v2\/media?parent=568"}],"wp:term":[{"taxonomy":"product_cat","embeddable":true,"href":"https:\/\/host86.com.br\/clientes23\/yucari\/wp-json\/wp\/v2\/product_cat?post=568"},{"taxonomy":"product_tag","embeddable":true,"href":"https:\/\/host86.com.br\/clientes23\/yucari\/wp-json\/wp\/v2\/product_tag?post=568"}],"curies":[{"name":"wp","href":"https:\/\/api.w.org\/{rel}","templated":true}]}}