{"id":561,"date":"2024-09-30T10:50:43","date_gmt":"2024-09-30T13:50:43","guid":{"rendered":"https:\/\/host86.com.br\/clientes23\/yucari\/?post_type=product&#038;p=561"},"modified":"2024-10-01T15:38:21","modified_gmt":"2024-10-01T18:38:21","slug":"neoprene-lira","status":"publish","type":"product","link":"https:\/\/host86.com.br\/clientes23\/yucari\/produto\/neoprene-lira\/","title":{"rendered":"Neoprene Lira"},"content":{"rendered":"<p>SUITPANT NEO LYRA<\/p>\n<ul>\n<li>Cal\u00e7a em neoprene preta<\/li>\n<li>Modelagem reta com vinco<\/li>\n<li>Bolsos faca com pingentes de flor em metal em cada lateral<\/li>\n<li>El\u00e1stico no c\u00f3s para dar maior flexibilidade aos tamanhos de cintura<\/li>\n<\/ul>\n<p>Tobias tem 1,90m e veste G<\/p>\n<p>OBS: Todos os pedidos ser\u00e3o enviados ap\u00f3s 3 dias \u00fateis da confirma\u00e7\u00e3o de pagamento do cliente.<\/p>\n","protected":false},"excerpt":{"rendered":"<p>SUITPANT NEO LYRA Cal\u00e7a em neoprene preta Modelagem reta com vinco Bolsos faca com pingentes de flor em metal em cada lateral El\u00e1stico no c\u00f3s para dar maior flexibilidade aos tamanhos de cintura Tobias tem 1,90m e veste G OBS: Todos os pedidos ser\u00e3o enviados ap\u00f3s 3 dias \u00fateis da confirma\u00e7\u00e3o de pagamento do cliente.<\/p>\n","protected":false},"featured_media":525,"comment_status":"open","ping_status":"closed","template":"","meta":{"inline_featured_image":false},"product_cat":[15],"product_tag":[],"class_list":["post-561","product","type-product","status-publish","has-post-thumbnail","hentry","product_cat-produtos"],"acf":[],"_links":{"self":[{"href":"https:\/\/host86.com.br\/clientes23\/yucari\/wp-json\/wp\/v2\/product\/561","targetHints":{"allow":["GET"]}}],"collection":[{"href":"https:\/\/host86.com.br\/clientes23\/yucari\/wp-json\/wp\/v2\/product"}],"about":[{"href":"https:\/\/host86.com.br\/clientes23\/yucari\/wp-json\/wp\/v2\/types\/product"}],"replies":[{"embeddable":true,"href":"https:\/\/host86.com.br\/clientes23\/yucari\/wp-json\/wp\/v2\/comments?post=561"}],"wp:featuredmedia":[{"embeddable":true,"href":"https:\/\/host86.com.br\/clientes23\/yucari\/wp-json\/wp\/v2\/media\/525"}],"wp:attachment":[{"href":"https:\/\/host86.com.br\/clientes23\/yucari\/wp-json\/wp\/v2\/media?parent=561"}],"wp:term":[{"taxonomy":"product_cat","embeddable":true,"href":"https:\/\/host86.com.br\/clientes23\/yucari\/wp-json\/wp\/v2\/product_cat?post=561"},{"taxonomy":"product_tag","embeddable":true,"href":"https:\/\/host86.com.br\/clientes23\/yucari\/wp-json\/wp\/v2\/product_tag?post=561"}],"curies":[{"name":"wp","href":"https:\/\/api.w.org\/{rel}","templated":true}]}}