{"id":412,"date":"2023-12-05T00:51:11","date_gmt":"2023-12-05T03:51:11","guid":{"rendered":"https:\/\/host86.com.br\/clientes23\/yucari\/?post_type=product&#038;p=412"},"modified":"2024-09-25T21:59:54","modified_gmt":"2024-09-26T00:59:54","slug":"uniform-t-shirt","status":"publish","type":"product","link":"https:\/\/host86.com.br\/clientes23\/yucari\/produto\/uniform-t-shirt\/","title":{"rendered":"Uniform T-shirt"},"content":{"rendered":"<p>CORES: PRETO E OFF WHITE<br \/>\nCamiseta cl\u00e1ssica feita em 100% algod\u00e3o org\u00e2nico<br \/>\nModelagem \u00fanica (Boxy e cl\u00e1ssica)<br \/>\n190GSM<br \/>\nBarras com costura em 3cm e gola 3cm<br \/>\nBordado &#8220;YUCARI&#8221;<\/p>\n<p>Renan mede 1,83 e veste G<\/p>\n<p>&#8212;<\/p>\n<p>MEDIDAS:<br \/>\nP: 68cm COMPRIMENTO \/ 59cm LARGURA<br \/>\nM: 70cm COMPRIMENTO \/ 60cm LARGURA<br \/>\nG: 72 cm COMPRIMENTO \/ 62cm LARGURA<br \/>\nGG: 74cm COMPRIMENTO \/ 64cm LARGURA<\/p>\n","protected":false},"excerpt":{"rendered":"<p>CORES: PRETO E OFF WHITE Camiseta cl\u00e1ssica feita em 100% algod\u00e3o org\u00e2nico Modelagem \u00fanica (Boxy e cl\u00e1ssica) 190GSM Barras com costura em 3cm e gola 3cm Bordado &#8220;YUCARI&#8221; Renan mede 1,83 e veste G &#8212; MEDIDAS: P: 68cm COMPRIMENTO \/ 59cm LARGURA M: 70cm COMPRIMENTO \/ 60cm LARGURA G: 72 cm COMPRIMENTO \/ 62cm LARGURA [&hellip;]<\/p>\n","protected":false},"featured_media":402,"comment_status":"open","ping_status":"closed","template":"","meta":{"inline_featured_image":false},"product_cat":[15],"product_tag":[],"class_list":["post-412","product","type-product","status-publish","has-post-thumbnail","hentry","product_cat-produtos"],"acf":[],"_links":{"self":[{"href":"https:\/\/host86.com.br\/clientes23\/yucari\/wp-json\/wp\/v2\/product\/412","targetHints":{"allow":["GET"]}}],"collection":[{"href":"https:\/\/host86.com.br\/clientes23\/yucari\/wp-json\/wp\/v2\/product"}],"about":[{"href":"https:\/\/host86.com.br\/clientes23\/yucari\/wp-json\/wp\/v2\/types\/product"}],"replies":[{"embeddable":true,"href":"https:\/\/host86.com.br\/clientes23\/yucari\/wp-json\/wp\/v2\/comments?post=412"}],"wp:featuredmedia":[{"embeddable":true,"href":"https:\/\/host86.com.br\/clientes23\/yucari\/wp-json\/wp\/v2\/media\/402"}],"wp:attachment":[{"href":"https:\/\/host86.com.br\/clientes23\/yucari\/wp-json\/wp\/v2\/media?parent=412"}],"wp:term":[{"taxonomy":"product_cat","embeddable":true,"href":"https:\/\/host86.com.br\/clientes23\/yucari\/wp-json\/wp\/v2\/product_cat?post=412"},{"taxonomy":"product_tag","embeddable":true,"href":"https:\/\/host86.com.br\/clientes23\/yucari\/wp-json\/wp\/v2\/product_tag?post=412"}],"curies":[{"name":"wp","href":"https:\/\/api.w.org\/{rel}","templated":true}]}}