{"id":381,"date":"2023-12-05T00:44:29","date_gmt":"2023-12-05T03:44:29","guid":{"rendered":"https:\/\/host86.com.br\/clientes23\/yucari\/?post_type=product&#038;p=381"},"modified":"2024-09-25T22:03:03","modified_gmt":"2024-09-26T01:03:03","slug":"classic-hoodie","status":"publish","type":"product","link":"https:\/\/host86.com.br\/clientes23\/yucari\/produto\/classic-hoodie\/","title":{"rendered":"Classic hoodie"},"content":{"rendered":"<p>Moletom 50% algod\u00e3o<br \/>\n50% poli\u00e9ster<br \/>\nSem felpa<br \/>\nCord\u00e3o cru e ponteiras douradas<br \/>\nBordado &#8220;Bossa summer vibes&#8221;<\/p>\n<p>Renan mede 1,83 e veste M<\/p>\n<p>&#8212;<br \/>\nMEDIDAS:<br \/>\nP: 68cm COMPRIMENTO 56cm LARGURA<br \/>\nM: 70cm COMPRIMENTO \/ 58cm LARGURA<br \/>\nG: 72cm COMPRIMENTO \/ 60cm LARGURA<br \/>\nGG: 74cm COMPRIMENTO \/ 62 LARGURA<\/p>\n","protected":false},"excerpt":{"rendered":"<p>Moletom 50% algod\u00e3o 50% poli\u00e9ster Sem felpa Cord\u00e3o cru e ponteiras douradas Bordado &#8220;Bossa summer vibes&#8221; Renan mede 1,83 e veste M &#8212; MEDIDAS: P: 68cm COMPRIMENTO 56cm LARGURA M: 70cm COMPRIMENTO \/ 58cm LARGURA G: 72cm COMPRIMENTO \/ 60cm LARGURA GG: 74cm COMPRIMENTO \/ 62 LARGURA<\/p>\n","protected":false},"featured_media":408,"comment_status":"open","ping_status":"closed","template":"","meta":{"inline_featured_image":false},"product_cat":[15],"product_tag":[],"class_list":["post-381","product","type-product","status-publish","has-post-thumbnail","hentry","product_cat-produtos"],"acf":[],"_links":{"self":[{"href":"https:\/\/host86.com.br\/clientes23\/yucari\/wp-json\/wp\/v2\/product\/381","targetHints":{"allow":["GET"]}}],"collection":[{"href":"https:\/\/host86.com.br\/clientes23\/yucari\/wp-json\/wp\/v2\/product"}],"about":[{"href":"https:\/\/host86.com.br\/clientes23\/yucari\/wp-json\/wp\/v2\/types\/product"}],"replies":[{"embeddable":true,"href":"https:\/\/host86.com.br\/clientes23\/yucari\/wp-json\/wp\/v2\/comments?post=381"}],"wp:featuredmedia":[{"embeddable":true,"href":"https:\/\/host86.com.br\/clientes23\/yucari\/wp-json\/wp\/v2\/media\/408"}],"wp:attachment":[{"href":"https:\/\/host86.com.br\/clientes23\/yucari\/wp-json\/wp\/v2\/media?parent=381"}],"wp:term":[{"taxonomy":"product_cat","embeddable":true,"href":"https:\/\/host86.com.br\/clientes23\/yucari\/wp-json\/wp\/v2\/product_cat?post=381"},{"taxonomy":"product_tag","embeddable":true,"href":"https:\/\/host86.com.br\/clientes23\/yucari\/wp-json\/wp\/v2\/product_tag?post=381"}],"curies":[{"name":"wp","href":"https:\/\/api.w.org\/{rel}","templated":true}]}}