{"id":376,"date":"2023-12-05T00:34:06","date_gmt":"2023-12-05T03:34:06","guid":{"rendered":"https:\/\/host86.com.br\/clientes23\/yucari\/?post_type=product&#038;p=376"},"modified":"2024-09-25T21:55:14","modified_gmt":"2024-09-26T00:55:14","slug":"indian-tapestry-jacket","status":"publish","type":"product","link":"https:\/\/host86.com.br\/clientes23\/yucari\/produto\/indian-tapestry-jacket\/","title":{"rendered":"Indian Tapestry Jacket"},"content":{"rendered":"<p>Modelagem worker<br \/>\nJacquard 100% algod\u00e3o<br \/>\nTecido Vintage indiano reutilizado<br \/>\nPe\u00e7as exclusivas<br \/>\n4 Bolsos frontais<\/p>\n<p>Jo\u00e3o mede 1,88m e veste M<\/p>\n<p>&#8212;<\/p>\n<p>MEDIDAS:<br \/>\nP &#8211; Largura:58cm Comprimento: 63cm<br \/>\nM &#8211; Largura: 60cm Comprimento: 66cm<br \/>\nG &#8211; Largura: 61cm   Comprimento: 68cm<br \/>\nGG- Largura  65cm Comprimento: 70cm<\/p>\n<p>&#8212;<\/p>\n<p>INSTRU\u00c7\u00c3O DE LAVAGEM:<br \/>\nIndicamos n\u00e3o lavar com frequ\u00eancia<br \/>\nN\u00e3o alvejar<br \/>\nN\u00e3o colocar na m\u00e1quina<br \/>\nLavar a seco<\/p>\n","protected":false},"excerpt":{"rendered":"<p>Modelagem worker Jacquard 100% algod\u00e3o Tecido Vintage indiano reutilizado Pe\u00e7as exclusivas 4 Bolsos frontais Jo\u00e3o mede 1,88m e veste M &#8212; MEDIDAS: P &#8211; Largura:58cm Comprimento: 63cm M &#8211; Largura: 60cm Comprimento: 66cm G &#8211; Largura: 61cm Comprimento: 68cm GG- Largura 65cm Comprimento: 70cm &#8212; INSTRU\u00c7\u00c3O DE LAVAGEM: Indicamos n\u00e3o lavar com frequ\u00eancia N\u00e3o alvejar [&hellip;]<\/p>\n","protected":false},"featured_media":364,"comment_status":"open","ping_status":"closed","template":"","meta":{"inline_featured_image":false},"product_cat":[15],"product_tag":[],"class_list":["post-376","product","type-product","status-publish","has-post-thumbnail","hentry","product_cat-produtos"],"acf":[],"_links":{"self":[{"href":"https:\/\/host86.com.br\/clientes23\/yucari\/wp-json\/wp\/v2\/product\/376","targetHints":{"allow":["GET"]}}],"collection":[{"href":"https:\/\/host86.com.br\/clientes23\/yucari\/wp-json\/wp\/v2\/product"}],"about":[{"href":"https:\/\/host86.com.br\/clientes23\/yucari\/wp-json\/wp\/v2\/types\/product"}],"replies":[{"embeddable":true,"href":"https:\/\/host86.com.br\/clientes23\/yucari\/wp-json\/wp\/v2\/comments?post=376"}],"wp:featuredmedia":[{"embeddable":true,"href":"https:\/\/host86.com.br\/clientes23\/yucari\/wp-json\/wp\/v2\/media\/364"}],"wp:attachment":[{"href":"https:\/\/host86.com.br\/clientes23\/yucari\/wp-json\/wp\/v2\/media?parent=376"}],"wp:term":[{"taxonomy":"product_cat","embeddable":true,"href":"https:\/\/host86.com.br\/clientes23\/yucari\/wp-json\/wp\/v2\/product_cat?post=376"},{"taxonomy":"product_tag","embeddable":true,"href":"https:\/\/host86.com.br\/clientes23\/yucari\/wp-json\/wp\/v2\/product_tag?post=376"}],"curies":[{"name":"wp","href":"https:\/\/api.w.org\/{rel}","templated":true}]}}