{"id":365,"date":"2023-12-05T00:26:34","date_gmt":"2023-12-05T03:26:34","guid":{"rendered":"https:\/\/host86.com.br\/clientes23\/yucari\/?post_type=product&#038;p=365"},"modified":"2024-09-30T14:09:17","modified_gmt":"2024-09-30T17:09:17","slug":"jacquard-hat","status":"publish","type":"product","link":"https:\/\/host86.com.br\/clientes23\/yucari\/produto\/jacquard-hat\/","title":{"rendered":"Jacquard Hat"},"content":{"rendered":"<p>Jacquard Hat<\/p>\n<ul>\n<li>Cor: BEGE<\/li>\n<li>Bordado Yucari<\/li>\n<li>Aba male\u00e1vel<\/li>\n<li>Bon\u00e9 six panel<\/li>\n<li>100% algod\u00e3o<\/li>\n<\/ul>\n","protected":false},"excerpt":{"rendered":"<p>Jacquard Hat Cor: BEGE Bordado Yucari Aba male\u00e1vel Bon\u00e9 six panel 100% algod\u00e3o<\/p>\n","protected":false},"featured_media":361,"comment_status":"open","ping_status":"closed","template":"","meta":{"inline_featured_image":false},"product_cat":[15],"product_tag":[],"class_list":["post-365","product","type-product","status-publish","has-post-thumbnail","hentry","product_cat-produtos"],"acf":[],"_links":{"self":[{"href":"https:\/\/host86.com.br\/clientes23\/yucari\/wp-json\/wp\/v2\/product\/365","targetHints":{"allow":["GET"]}}],"collection":[{"href":"https:\/\/host86.com.br\/clientes23\/yucari\/wp-json\/wp\/v2\/product"}],"about":[{"href":"https:\/\/host86.com.br\/clientes23\/yucari\/wp-json\/wp\/v2\/types\/product"}],"replies":[{"embeddable":true,"href":"https:\/\/host86.com.br\/clientes23\/yucari\/wp-json\/wp\/v2\/comments?post=365"}],"wp:featuredmedia":[{"embeddable":true,"href":"https:\/\/host86.com.br\/clientes23\/yucari\/wp-json\/wp\/v2\/media\/361"}],"wp:attachment":[{"href":"https:\/\/host86.com.br\/clientes23\/yucari\/wp-json\/wp\/v2\/media?parent=365"}],"wp:term":[{"taxonomy":"product_cat","embeddable":true,"href":"https:\/\/host86.com.br\/clientes23\/yucari\/wp-json\/wp\/v2\/product_cat?post=365"},{"taxonomy":"product_tag","embeddable":true,"href":"https:\/\/host86.com.br\/clientes23\/yucari\/wp-json\/wp\/v2\/product_tag?post=365"}],"curies":[{"name":"wp","href":"https:\/\/api.w.org\/{rel}","templated":true}]}}