{"id":252,"date":"2023-06-09T15:01:20","date_gmt":"2023-10-05T10:41:38","guid":{"rendered":"https:\/\/yucari.local\/?post_type=product&#038;p=252"},"modified":"2024-09-30T14:12:26","modified_gmt":"2024-09-30T17:12:26","slug":"t-shirt-sergio-rodrigues","status":"publish","type":"product","link":"https:\/\/host86.com.br\/clientes23\/yucari\/produto\/t-shirt-sergio-rodrigues\/","title":{"rendered":"T-shirt S\u00e9rgio Rodrigues"},"content":{"rendered":"<p>Cor: PRETO<br \/>\nCamiseta com modelagem cl\u00e1ssica<br \/>\n100% algod\u00e3o \/ certifica\u00e7\u00e3o BCI<br \/>\n250GSM<br \/>\nEstampa frontal em silk<br \/>\nGola 3cm<\/p>\n<p>Jo\u00e3o mede 1,87m e veste M<\/p>\n<p>&#8212;<\/p>\n<p>MEDIDAS:<br \/>\nP: Largura:58cm Comprimento: 74cm<br \/>\nM: Largura: 60cm Comprimento:76cm<br \/>\nG: Largura:62cm Comprimento: 78cm<br \/>\nGG: Largura: 64cm Comprimento: 80cm<\/p>\n","protected":false},"excerpt":{"rendered":"<p>Cor: PRETO Camiseta com modelagem cl\u00e1ssica 100% algod\u00e3o \/ certifica\u00e7\u00e3o BCI 250GSM Estampa frontal em silk Gola 3cm Jo\u00e3o mede 1,87m e veste M &#8212; MEDIDAS: P: Largura:58cm Comprimento: 74cm M: Largura: 60cm Comprimento:76cm G: Largura:62cm Comprimento: 78cm GG: Largura: 64cm Comprimento: 80cm<\/p>\n","protected":false},"featured_media":328,"comment_status":"open","ping_status":"closed","template":"","meta":{"inline_featured_image":false},"product_cat":[15],"product_tag":[],"class_list":["post-252","product","type-product","status-publish","has-post-thumbnail","hentry","product_cat-produtos"],"acf":[],"_links":{"self":[{"href":"https:\/\/host86.com.br\/clientes23\/yucari\/wp-json\/wp\/v2\/product\/252","targetHints":{"allow":["GET"]}}],"collection":[{"href":"https:\/\/host86.com.br\/clientes23\/yucari\/wp-json\/wp\/v2\/product"}],"about":[{"href":"https:\/\/host86.com.br\/clientes23\/yucari\/wp-json\/wp\/v2\/types\/product"}],"replies":[{"embeddable":true,"href":"https:\/\/host86.com.br\/clientes23\/yucari\/wp-json\/wp\/v2\/comments?post=252"}],"wp:featuredmedia":[{"embeddable":true,"href":"https:\/\/host86.com.br\/clientes23\/yucari\/wp-json\/wp\/v2\/media\/328"}],"wp:attachment":[{"href":"https:\/\/host86.com.br\/clientes23\/yucari\/wp-json\/wp\/v2\/media?parent=252"}],"wp:term":[{"taxonomy":"product_cat","embeddable":true,"href":"https:\/\/host86.com.br\/clientes23\/yucari\/wp-json\/wp\/v2\/product_cat?post=252"},{"taxonomy":"product_tag","embeddable":true,"href":"https:\/\/host86.com.br\/clientes23\/yucari\/wp-json\/wp\/v2\/product_tag?post=252"}],"curies":[{"name":"wp","href":"https:\/\/api.w.org\/{rel}","templated":true}]}}