{"id":16,"date":"2023-10-01T15:41:50","date_gmt":"2023-10-01T18:41:50","guid":{"rendered":"https:\/\/yucari.local\/?page_id=16"},"modified":"2024-01-07T21:07:40","modified_gmt":"2024-01-08T00:07:40","slug":"trocas-e-devolucoes","status":"publish","type":"page","link":"https:\/\/host86.com.br\/clientes23\/yucari\/trocas-e-devolucoes\/","title":{"rendered":"Trocas e devolu\u00e7\u00f5es"},"content":{"rendered":"\n<p>A primeira troca \u00e9 gratuita e o prazo para comunica\u00e7\u00e3o da mesma \u00e9 de at\u00e9 07 (sete) dias \u00fateis, a contar do recebimento do produto.&nbsp;<\/p>\n\n\n\n<p>Uma vez confirmado o direito de troca e autorizado o procedimento,&nbsp; voc\u00ea dever\u00e1 encaminhar o(s) produto(s) nas seguintes condi\u00e7\u00f5es:<\/p>\n\n\n\n<ul class=\"wp-block-list\">\n<li>A encomenda deve conter todos os documentos recebidos e a caixa original;<\/li>\n\n\n\n<li>A etiqueta do produto deve estar intacta e afixada \u00e0 pe\u00e7a;<\/li>\n\n\n\n<li>O produto deve estar novo, sem sinais de uso ou lavagem.&nbsp;<\/li>\n<\/ul>\n\n\n\n<p>Assim que recebermos, o nosso Departamento de Controle de Qualidade realizar\u00e1 uma an\u00e1lise para confirmar as condi\u00e7\u00f5es mencionadas acima.<\/p>\n\n\n\n<p>Ap\u00f3s confer\u00eancia da devolu\u00e7\u00e3o, o prazo de reembolso \u00e9 de 10 (dez) dias \u00fateis para todas as transa\u00e7\u00f5es, a contar da data de an\u00e1lise favor\u00e1vel da solicita\u00e7\u00e3o. Ou seja, recebendo a sua devolu\u00e7\u00e3o, temos o prazo de 05 (cinco) dias \u00fateis para an\u00e1lise e mais 05 (cinco) dias \u00fateis para efetuar o reembolso. Ap\u00f3s o prazo, voc\u00ea receber\u00e1 o valor exato do pre\u00e7o que pagou efetivamente pela(s) pe\u00e7a(s) e no mesmo formato de pagamento.<\/p>\n","protected":false},"excerpt":{"rendered":"<p>A primeira troca \u00e9 gratuita e o prazo para comunica\u00e7\u00e3o da mesma \u00e9 de at\u00e9 07 (sete) dias \u00fateis, a contar do recebimento do produto.&nbsp; Uma vez confirmado o direito de troca e autorizado o procedimento,&nbsp; voc\u00ea dever\u00e1 encaminhar o(s) produto(s) nas seguintes condi\u00e7\u00f5es: Assim que recebermos, o nosso Departamento de Controle de Qualidade realizar\u00e1 [&hellip;]<\/p>\n","protected":false},"author":1,"featured_media":0,"parent":0,"menu_order":0,"comment_status":"closed","ping_status":"closed","template":"","meta":{"inline_featured_image":false,"footnotes":""},"class_list":["post-16","page","type-page","status-publish","hentry"],"acf":[],"_links":{"self":[{"href":"https:\/\/host86.com.br\/clientes23\/yucari\/wp-json\/wp\/v2\/pages\/16","targetHints":{"allow":["GET"]}}],"collection":[{"href":"https:\/\/host86.com.br\/clientes23\/yucari\/wp-json\/wp\/v2\/pages"}],"about":[{"href":"https:\/\/host86.com.br\/clientes23\/yucari\/wp-json\/wp\/v2\/types\/page"}],"author":[{"embeddable":true,"href":"https:\/\/host86.com.br\/clientes23\/yucari\/wp-json\/wp\/v2\/users\/1"}],"replies":[{"embeddable":true,"href":"https:\/\/host86.com.br\/clientes23\/yucari\/wp-json\/wp\/v2\/comments?post=16"}],"version-history":[{"count":2,"href":"https:\/\/host86.com.br\/clientes23\/yucari\/wp-json\/wp\/v2\/pages\/16\/revisions"}],"predecessor-version":[{"id":503,"href":"https:\/\/host86.com.br\/clientes23\/yucari\/wp-json\/wp\/v2\/pages\/16\/revisions\/503"}],"wp:attachment":[{"href":"https:\/\/host86.com.br\/clientes23\/yucari\/wp-json\/wp\/v2\/media?parent=16"}],"curies":[{"name":"wp","href":"https:\/\/api.w.org\/{rel}","templated":true}]}}