{"id":24,"date":"2023-04-16T20:17:21","date_gmt":"2023-04-16T23:17:21","guid":{"rendered":"https:\/\/host86.com.br\/clientes23\/ppa\/?page_id=24"},"modified":"2023-04-17T17:26:04","modified_gmt":"2023-04-17T20:26:04","slug":"remediacao-ambiental","status":"publish","type":"page","link":"https:\/\/host86.com.br\/clientes23\/ppa\/remediacao-ambiental\/","title":{"rendered":"Remedia\u00e7\u00e3o ambiental"},"content":{"rendered":"<p>A P.P.A. oferece servi\u00e7os de Remedia\u00e7\u00e3o Ambiental com projetos de diferentes tecnologias, tais como:<\/p>\n<p>MPE \u2013 Extra\u00e7\u00e3o de Multi Fase: combina as t\u00e9cnicas de bioventila\u00e7\u00e3o e remo\u00e7\u00e3o de massa a v\u00e1cuo, possibilitando a extra\u00e7\u00e3o da fase livre, fase vapor, fase dissolvida e adsorvida do solo.<\/p>\n<p>SVE \u2013 Extra\u00e7\u00e3o de Vapor: t\u00e9cnica de remedia\u00e7\u00e3o aplicando v\u00e1cuo na zona n\u00e3o saturada, com o objetivo de induzir o fluxo controlado de ar e assim remover contaminantes vol\u00e1teis do solo.<\/p>\n<p>Air Sparging \u2013 Inje\u00e7\u00e3o de Ar: t\u00e9cnica de introdu\u00e7\u00e3o de ar no aq\u00fc\u00edfero contaminado para produzir borbulhamento na \u00e1gua para propiciar maior aera\u00e7\u00e3o da \u00e1gua subterr\u00e2nea, podendo ser empregada com outras t\u00e9cnicas de SVE e MPE.<\/p>\n<p>Auto Pump e Bombas Centr\u00edfugas: T\u00e9cnica aplicada principalmente na remo\u00e7\u00e3o de hidrocarbonetos de petr\u00f3leo e LNAPLs em fase livre, sobrenadante \u00e0 \u00e1gua subterr\u00e2nea.<\/p>\n<p><a href=\"https:\/\/host86.com.br\/clientes23\/ppa\/?page_id=26\">CONHE\u00c7A TAMB\u00c9M:<br \/>\nLICENCIAMENTO AMBIENTAL<br \/>\n<\/a><\/p>\n","protected":false},"excerpt":{"rendered":"<p>A P.P.A. oferece servi\u00e7os de Remedia\u00e7\u00e3o Ambiental com projetos de diferentes tecnologias, tais como: MPE \u2013 Extra\u00e7\u00e3o de Multi Fase: combina as t\u00e9cnicas de bioventila\u00e7\u00e3o e remo\u00e7\u00e3o de massa a v\u00e1cuo, possibilitando a extra\u00e7\u00e3o da fase livre, fase vapor, fase dissolvida e adsorvida do solo. SVE \u2013 Extra\u00e7\u00e3o de Vapor: t\u00e9cnica de remedia\u00e7\u00e3o aplicando v\u00e1cuo [&hellip;]<\/p>\n","protected":false},"author":1,"featured_media":0,"parent":0,"menu_order":0,"comment_status":"closed","ping_status":"closed","template":"","meta":{"footnotes":""},"class_list":["post-24","page","type-page","status-publish","hentry"],"acf":[],"_links":{"self":[{"href":"https:\/\/host86.com.br\/clientes23\/ppa\/wp-json\/wp\/v2\/pages\/24","targetHints":{"allow":["GET"]}}],"collection":[{"href":"https:\/\/host86.com.br\/clientes23\/ppa\/wp-json\/wp\/v2\/pages"}],"about":[{"href":"https:\/\/host86.com.br\/clientes23\/ppa\/wp-json\/wp\/v2\/types\/page"}],"author":[{"embeddable":true,"href":"https:\/\/host86.com.br\/clientes23\/ppa\/wp-json\/wp\/v2\/users\/1"}],"replies":[{"embeddable":true,"href":"https:\/\/host86.com.br\/clientes23\/ppa\/wp-json\/wp\/v2\/comments?post=24"}],"version-history":[{"count":3,"href":"https:\/\/host86.com.br\/clientes23\/ppa\/wp-json\/wp\/v2\/pages\/24\/revisions"}],"predecessor-version":[{"id":51,"href":"https:\/\/host86.com.br\/clientes23\/ppa\/wp-json\/wp\/v2\/pages\/24\/revisions\/51"}],"wp:attachment":[{"href":"https:\/\/host86.com.br\/clientes23\/ppa\/wp-json\/wp\/v2\/media?parent=24"}],"curies":[{"name":"wp","href":"https:\/\/api.w.org\/{rel}","templated":true}]}}