{"id":22,"date":"2023-04-16T20:16:48","date_gmt":"2023-04-16T23:16:48","guid":{"rendered":"https:\/\/host86.com.br\/clientes23\/ppa\/?page_id=22"},"modified":"2023-04-17T17:23:50","modified_gmt":"2023-04-17T20:23:50","slug":"amostragem-de-solo-e-agua-subterranea","status":"publish","type":"page","link":"https:\/\/host86.com.br\/clientes23\/ppa\/amostragem-de-solo-e-agua-subterranea\/","title":{"rendered":"Amostragem de solo e \u00e1gua subterr\u00e2nea"},"content":{"rendered":"<p>A PPA possui perfuratrizes pr\u00f3prias para amostragem de solos arenosos \u00e0 argilosos das mais diversas t\u00e9cnicas: Piston Sampler, Dual Tube, Macro Core (Single Tube), com ou sem core cathers, conforme \u00e0 sua demanda.Em dezembro de 2016 a PPA Geologia e Projetos Ambientais Ltda recebeu a chancela da Coordena\u00e7\u00e3o Geral de Acredita\u00e7\u00e3o do INMETRO (CGCRE) sob CRL N.\u00ba 1210 para o escopo de ensaio e amostragem em \u00e1guas subterr\u00e2neas e residuais (efluente oleoso).<\/p>\n<p>Essa acredita\u00e7\u00e3o \u00e9 um passo largo e muito importante na consolida\u00e7\u00e3o de boas t\u00e9cnicas para amostragem de \u00e1gua, tanto por m\u00e9todo convencional (bailer) quando m\u00e9todo de baixa vaz\u00e3o.<\/p>\n<p>Contamos com uma equipe multidisciplinar pra melhor atend\u00ea-lo. Fa\u00e7a uma cota\u00e7\u00e3o conosco, sem compromisso.<\/p>\n<p><a href=\"https:\/\/host86.com.br\/clientes23\/ppa\/?page_id=24\">CONHE\u00c7A TAMB\u00c9M:<br \/>\nREMEDIA\u00c7\u00c3O AMBIENTAL<\/a><\/p>\n","protected":false},"excerpt":{"rendered":"<p>A PPA possui perfuratrizes pr\u00f3prias para amostragem de solos arenosos \u00e0 argilosos das mais diversas t\u00e9cnicas: Piston Sampler, Dual Tube, Macro Core (Single Tube), com ou sem core cathers, conforme \u00e0 sua demanda.Em dezembro de 2016 a PPA Geologia e Projetos Ambientais Ltda recebeu a chancela da Coordena\u00e7\u00e3o Geral de Acredita\u00e7\u00e3o do INMETRO (CGCRE) sob [&hellip;]<\/p>\n","protected":false},"author":1,"featured_media":0,"parent":0,"menu_order":0,"comment_status":"closed","ping_status":"closed","template":"","meta":{"footnotes":""},"class_list":["post-22","page","type-page","status-publish","hentry"],"acf":[],"_links":{"self":[{"href":"https:\/\/host86.com.br\/clientes23\/ppa\/wp-json\/wp\/v2\/pages\/22","targetHints":{"allow":["GET"]}}],"collection":[{"href":"https:\/\/host86.com.br\/clientes23\/ppa\/wp-json\/wp\/v2\/pages"}],"about":[{"href":"https:\/\/host86.com.br\/clientes23\/ppa\/wp-json\/wp\/v2\/types\/page"}],"author":[{"embeddable":true,"href":"https:\/\/host86.com.br\/clientes23\/ppa\/wp-json\/wp\/v2\/users\/1"}],"replies":[{"embeddable":true,"href":"https:\/\/host86.com.br\/clientes23\/ppa\/wp-json\/wp\/v2\/comments?post=22"}],"version-history":[{"count":2,"href":"https:\/\/host86.com.br\/clientes23\/ppa\/wp-json\/wp\/v2\/pages\/22\/revisions"}],"predecessor-version":[{"id":49,"href":"https:\/\/host86.com.br\/clientes23\/ppa\/wp-json\/wp\/v2\/pages\/22\/revisions\/49"}],"wp:attachment":[{"href":"https:\/\/host86.com.br\/clientes23\/ppa\/wp-json\/wp\/v2\/media?parent=22"}],"curies":[{"name":"wp","href":"https:\/\/api.w.org\/{rel}","templated":true}]}}