{"id":20,"date":"2023-04-16T20:16:15","date_gmt":"2023-04-16T23:16:15","guid":{"rendered":"https:\/\/host86.com.br\/clientes23\/ppa\/?page_id=20"},"modified":"2023-04-17T17:22:16","modified_gmt":"2023-04-17T20:22:16","slug":"estudo-hidrogeologico","status":"publish","type":"page","link":"https:\/\/host86.com.br\/clientes23\/ppa\/estudo-hidrogeologico\/","title":{"rendered":"Estudo hidrogeol\u00f3gico"},"content":{"rendered":"<p>O Estudo Hidrogeol\u00f3gico tem o intuito de fornecer informa\u00e7\u00f5es sobre o meio subterr\u00e2neo atrav\u00e9s de uma s\u00e9rie de perfura\u00e7\u00f5es em material n\u00e3o consolidado. \u00c9 definido neste estudo a geologia em que o local est\u00e1 inserido, o tipo de unidade aqu\u00edfera que o empreendimento est\u00e1 assentado, a condutividade hidr\u00e1ulica do meio poroso e principalmente a potenciometria do local que define o escoamento subterr\u00e2neo do aqu\u00edfero raso, para instala\u00e7\u00e3o dos po\u00e7os de monitoramento que ser\u00e3o utilizados para monitoramento qu\u00edmico da \u00e1gua subterr\u00e2nea.<\/p>\n<p>Contamos com uma equipe multidisciplinar pra melhor atend\u00ea-lo. Fa\u00e7a uma cota\u00e7\u00e3o conosco, sem compromisso.<\/p>\n<p><a href=\"https:\/\/host86.com.br\/clientes23\/ppa\/?page_id=22\">CONHE\u00c7A TAMB\u00c9M:<br \/>\nAMOSTRAGEM DE SOLO E \u00c1GUA SUBTERR\u00c2NEA<\/a><\/p>\n","protected":false},"excerpt":{"rendered":"<p>O Estudo Hidrogeol\u00f3gico tem o intuito de fornecer informa\u00e7\u00f5es sobre o meio subterr\u00e2neo atrav\u00e9s de uma s\u00e9rie de perfura\u00e7\u00f5es em material n\u00e3o consolidado. \u00c9 definido neste estudo a geologia em que o local est\u00e1 inserido, o tipo de unidade aqu\u00edfera que o empreendimento est\u00e1 assentado, a condutividade hidr\u00e1ulica do meio poroso e principalmente a potenciometria [&hellip;]<\/p>\n","protected":false},"author":1,"featured_media":0,"parent":0,"menu_order":0,"comment_status":"closed","ping_status":"closed","template":"","meta":{"footnotes":""},"class_list":["post-20","page","type-page","status-publish","hentry"],"acf":[],"_links":{"self":[{"href":"https:\/\/host86.com.br\/clientes23\/ppa\/wp-json\/wp\/v2\/pages\/20","targetHints":{"allow":["GET"]}}],"collection":[{"href":"https:\/\/host86.com.br\/clientes23\/ppa\/wp-json\/wp\/v2\/pages"}],"about":[{"href":"https:\/\/host86.com.br\/clientes23\/ppa\/wp-json\/wp\/v2\/types\/page"}],"author":[{"embeddable":true,"href":"https:\/\/host86.com.br\/clientes23\/ppa\/wp-json\/wp\/v2\/users\/1"}],"replies":[{"embeddable":true,"href":"https:\/\/host86.com.br\/clientes23\/ppa\/wp-json\/wp\/v2\/comments?post=20"}],"version-history":[{"count":2,"href":"https:\/\/host86.com.br\/clientes23\/ppa\/wp-json\/wp\/v2\/pages\/20\/revisions"}],"predecessor-version":[{"id":48,"href":"https:\/\/host86.com.br\/clientes23\/ppa\/wp-json\/wp\/v2\/pages\/20\/revisions\/48"}],"wp:attachment":[{"href":"https:\/\/host86.com.br\/clientes23\/ppa\/wp-json\/wp\/v2\/media?parent=20"}],"curies":[{"name":"wp","href":"https:\/\/api.w.org\/{rel}","templated":true}]}}