{"id":16,"date":"2023-04-16T20:13:57","date_gmt":"2023-04-16T23:13:57","guid":{"rendered":"https:\/\/host86.com.br\/clientes23\/ppa\/?page_id=16"},"modified":"2023-04-17T16:56:12","modified_gmt":"2023-04-17T19:56:12","slug":"investigacao-ambiental","status":"publish","type":"page","link":"https:\/\/host86.com.br\/clientes23\/ppa\/investigacao-ambiental\/","title":{"rendered":"Investigacao ambiental"},"content":{"rendered":"<h2>Investiga\u00e7\u00e3o Avalia\u00e7\u00e3o<br \/>\nPreliminar de Passivo Ambiental<\/h2>\n<p>A avalia\u00e7\u00e3o preliminar ou investiga\u00e7\u00e3o preliminar (Fase1) tem como objetivo principal identificar situa\u00e7\u00f5es ambientais de uso presente e pret\u00e9rito associadas com a \u00e1rea objeto de an\u00e1lise e propriedades vizinhas, que possam representar passivos ambientais potenciais para o meio em que se inserem. Esta avalia\u00e7\u00e3o \u00e9 fundamental no estabelecimento do potencial de contamina\u00e7\u00e3o de solo e \u00e1guas subterr\u00e2neas e no modelo conceitual inicial de uma eventual sequ\u00eancia de investiga\u00e7\u00f5es.<\/p>\n<hr \/>\n<h2>Investiga\u00e7\u00e3o Avalia\u00e7\u00e3o<br \/>\nPreliminar de Passivo Ambiental<\/h2>\n<p>A investiga\u00e7\u00e3o confirmat\u00f3ria de passivo ambiental (Fase 2) \u00e9 uma etapa do processo de avalia\u00e7\u00e3o de passivo ambiental, com o objetivo de confirmar a exist\u00eancia ou a aus\u00eancia de contamina\u00e7\u00e3o em solo, ar e \u00e1gua na \u00e1rea objeto de estudo e verificar a necessidade de uma Investiga\u00e7\u00e3o de cunho Detalhado.<\/p>\n<p>Esta fase \u00e9 uma etapa importante na tomada de decis\u00e3o para \u00f3rg\u00e3os p\u00fablicos e empresas privadas, ela avalia as condi\u00e7\u00f5es dos compartimentos ambientais, atrav\u00e9s de an\u00e1lises qu\u00edmicas quando comparados com valores de interven\u00e7\u00e3o.<\/p>\n<p>A PPA Geologia e Projetos Ambientais executou mais de 900 casos de Investiga\u00e7\u00e3o Fase 2 de acordo a ABNT NBR 15515 parte 02\/2011.<\/p>\n<hr \/>\n<h2>Investiga\u00e7\u00e3o Detalhada de<br \/>\nPassivo Ambiental<\/h2>\n<p>A investiga\u00e7\u00e3o detalhada de passivo ambiental (Fase 3) \u00e9 a primeira do processo de recupera\u00e7\u00e3o de \u00e1reas contaminadas, sendo de fundamental import\u00e2ncia para subsidiar a execu\u00e7\u00e3o das etapas seguintes, de avalia\u00e7\u00e3o de risco e defini\u00e7\u00e3o da remedia\u00e7\u00e3o.<\/p>\n<p>A metodologia utilizada para execu\u00e7\u00e3o da etapa de investiga\u00e7\u00e3o detalhada \u00e9 semelhante \u00e0 utilizada para a etapa anterior, de investiga\u00e7\u00e3o confirmat\u00f3ria. Entretanto, os objetivos s\u00e3o diferentes.<\/p>\n<p>Enquanto que na etapa de investiga\u00e7\u00e3o confirmat\u00f3ria o objetivo principal \u00e9 confirmar a presen\u00e7a de contamina\u00e7\u00e3o na \u00e1rea suspeita, na etapa de investiga\u00e7\u00e3o detalhada o objetivo \u00e9 quantificar a contamina\u00e7\u00e3o, isto \u00e9, avaliar detalhadamente as caracter\u00edsticas da fonte de contamina\u00e7\u00e3o e dos meios afetados, determinando-se as dimens\u00f5es das \u00e1reas ou volumes afetados, os tipos de contaminantes presentes e suas concentra\u00e7\u00f5es. Da mesma forma devem ser definidas as caracter\u00edsticas das plumas de contamina\u00e7\u00e3o, como seus limites e sua taxa de propaga\u00e7\u00e3o.<\/p>\n<p>A PPA Geologia e Projetos Ambientais executou mais de 250 casos de Investiga\u00e7\u00e3o Fase 3 de acordo a ABNT NBR 15515 parte 02\/2013.<\/p>\n<p><a href=\"https:\/\/host86.com.br\/clientes23\/ppa\/?page_id=18\">CONHE\u00c7A TAMB\u00c9M:<br \/>\nAVALIA\u00c7\u00c3O DE RISCO \u00c0 SA\u00daDE HUMANA<\/a><\/p>\n","protected":false},"excerpt":{"rendered":"<p>Investiga\u00e7\u00e3o Avalia\u00e7\u00e3o Preliminar de Passivo Ambiental A avalia\u00e7\u00e3o preliminar ou investiga\u00e7\u00e3o preliminar (Fase1) tem como objetivo principal identificar situa\u00e7\u00f5es ambientais de uso presente e pret\u00e9rito associadas com a \u00e1rea objeto de an\u00e1lise e propriedades vizinhas, que possam representar passivos ambientais potenciais para o meio em que se inserem. Esta avalia\u00e7\u00e3o \u00e9 fundamental no estabelecimento do [&hellip;]<\/p>\n","protected":false},"author":1,"featured_media":0,"parent":0,"menu_order":0,"comment_status":"closed","ping_status":"closed","template":"","meta":{"footnotes":""},"class_list":["post-16","page","type-page","status-publish","hentry"],"acf":[],"_links":{"self":[{"href":"https:\/\/host86.com.br\/clientes23\/ppa\/wp-json\/wp\/v2\/pages\/16","targetHints":{"allow":["GET"]}}],"collection":[{"href":"https:\/\/host86.com.br\/clientes23\/ppa\/wp-json\/wp\/v2\/pages"}],"about":[{"href":"https:\/\/host86.com.br\/clientes23\/ppa\/wp-json\/wp\/v2\/types\/page"}],"author":[{"embeddable":true,"href":"https:\/\/host86.com.br\/clientes23\/ppa\/wp-json\/wp\/v2\/users\/1"}],"replies":[{"embeddable":true,"href":"https:\/\/host86.com.br\/clientes23\/ppa\/wp-json\/wp\/v2\/comments?post=16"}],"version-history":[{"count":5,"href":"https:\/\/host86.com.br\/clientes23\/ppa\/wp-json\/wp\/v2\/pages\/16\/revisions"}],"predecessor-version":[{"id":45,"href":"https:\/\/host86.com.br\/clientes23\/ppa\/wp-json\/wp\/v2\/pages\/16\/revisions\/45"}],"wp:attachment":[{"href":"https:\/\/host86.com.br\/clientes23\/ppa\/wp-json\/wp\/v2\/media?parent=16"}],"curies":[{"name":"wp","href":"https:\/\/api.w.org\/{rel}","templated":true}]}}