{"id":1463,"date":"2020-03-27T15:59:39","date_gmt":"2020-03-27T18:59:39","guid":{"rendered":"http:\/\/localhost\/kingo\/produto\/pelicula-de-vidro\/"},"modified":"2020-03-31T13:06:24","modified_gmt":"2020-03-31T16:06:24","slug":"pelicula-de-vidro","status":"publish","type":"product","link":"https:\/\/host86.com.br\/clientes20\/kingo\/produto\/pelicula-de-vidro\/","title":{"rendered":"Pel\u00edcula de Vidro"},"content":{"rendered":"<p>Pel\u00edcula de vidro temperado de alta qualidade e cuidadosamente projetado para cada modelo de celular, ela ir\u00e1 dar maior prote\u00e7\u00e3o a sua tela por muito mais tempo, contra pequenos impactos direto no visor, riscos, manchas e sujeiras; Caracter\u00edsticas: Marca: KinGo; Especifica\u00e7\u00f5es: 9H de resist\u00eancia; 0.3m Espessura; Bordas arredondadas; Totalmente transparente; Sens\u00edvel ao toque; F\u00e1cil aplica\u00e7\u00e3o; Conte\u00fado da embalagem: 1 Pel\u00edcula de vidro temperado; 1 Pano de micro fibra; 1 Len\u00e7o umedecido<\/p>\n","protected":false},"excerpt":{"rendered":"<p>Pel\u00edcula de vidro temperado de alta qualidade e cuidadosamente projetado para cada modelo de celular,&#8230;<\/p>\n","protected":false},"featured_media":0,"comment_status":"closed","ping_status":"closed","template":"","meta":{"_acf_changed":false},"class_list":["post-1463","product","type-product","status-publish","hentry","product_cat-peliculas","pa_cores-vidro","pa_modelo-iphone-x","pa_modelo-iphone-xs","pa_modelo-lg-g6","pa_modelo-samsung-s7"],"acf":[],"_links":{"self":[{"href":"https:\/\/host86.com.br\/clientes20\/kingo\/wp-json\/wp\/v2\/product\/1463","targetHints":{"allow":["GET"]}}],"collection":[{"href":"https:\/\/host86.com.br\/clientes20\/kingo\/wp-json\/wp\/v2\/product"}],"about":[{"href":"https:\/\/host86.com.br\/clientes20\/kingo\/wp-json\/wp\/v2\/types\/product"}],"replies":[{"embeddable":true,"href":"https:\/\/host86.com.br\/clientes20\/kingo\/wp-json\/wp\/v2\/comments?post=1463"}],"wp:attachment":[{"href":"https:\/\/host86.com.br\/clientes20\/kingo\/wp-json\/wp\/v2\/media?parent=1463"}],"curies":[{"name":"wp","href":"https:\/\/api.w.org\/{rel}","templated":true}]}}