{"id":1462,"date":"2020-03-27T15:59:39","date_gmt":"2020-03-27T18:59:39","guid":{"rendered":"http:\/\/localhost\/kingo\/produto\/ventilador-usb-portatil-fs-05\/"},"modified":"2020-03-27T15:59:42","modified_gmt":"2020-03-27T18:59:42","slug":"ventilador-usb-portatil-fs-05","status":"publish","type":"product","link":"https:\/\/host86.com.br\/clientes20\/kingo\/produto\/ventilador-usb-portatil-fs-05\/","title":{"rendered":"Ventilador USB Port\u00e1til (FS-05)"},"content":{"rendered":"<p>Caracter\u00edsticas do Produto: 3 n\u00edveis de velocidade; 3.7V bateria recarreg\u00e1vel; Especifica\u00e7\u00f5es: Velocidade: 4800 rpm; Sa\u00edda: DC5V &#8211; 9V; Entrada: DC5V \/ 0,5A &#8211; 1A<\/p>\n","protected":false},"excerpt":{"rendered":"<p>Caracter\u00edsticas do Produto: 3 n\u00edveis de velocidade; 3.7V bateria recarreg\u00e1vel; Especifica\u00e7\u00f5es: Velocidade: 4800 rpm; Sa\u00edda:&#8230;<\/p>\n","protected":false},"featured_media":0,"comment_status":"closed","ping_status":"open","template":"","meta":{"_acf_changed":false},"class_list":["post-1462","product","type-product","status-publish","hentry","product_cat-variedades","pa_cores-azul","pa_cores-branco","pa_cores-preto","pa_cores-rosa"],"acf":[],"_links":{"self":[{"href":"https:\/\/host86.com.br\/clientes20\/kingo\/wp-json\/wp\/v2\/product\/1462","targetHints":{"allow":["GET"]}}],"collection":[{"href":"https:\/\/host86.com.br\/clientes20\/kingo\/wp-json\/wp\/v2\/product"}],"about":[{"href":"https:\/\/host86.com.br\/clientes20\/kingo\/wp-json\/wp\/v2\/types\/product"}],"replies":[{"embeddable":true,"href":"https:\/\/host86.com.br\/clientes20\/kingo\/wp-json\/wp\/v2\/comments?post=1462"}],"wp:attachment":[{"href":"https:\/\/host86.com.br\/clientes20\/kingo\/wp-json\/wp\/v2\/media?parent=1462"}],"curies":[{"name":"wp","href":"https:\/\/api.w.org\/{rel}","templated":true}]}}