{"id":1461,"date":"2020-03-27T15:59:39","date_gmt":"2020-03-27T18:59:39","guid":{"rendered":"http:\/\/localhost\/kingo\/produto\/ventilador-portatil-fs-04\/"},"modified":"2020-03-31T13:07:11","modified_gmt":"2020-03-31T16:07:11","slug":"ventilador-portatil-fs-04","status":"publish","type":"product","link":"https:\/\/host86.com.br\/clientes20\/kingo\/produto\/ventilador-portatil-fs-04\/","title":{"rendered":"Ventilador Port\u00e1til (FS-04)"},"content":{"rendered":"<p>Caracter\u00edsticas do Produto: 3 n\u00edveis de velocidade; 3.7V bateria recarreg\u00e1vel; Especifica\u00e7\u00f5es: Velocidade: 4800 rpm; Sa\u00edda: DC5V &#8211; 9V; Entrada: DC5V \/ 0,5A &#8211; 1A<\/p>\n","protected":false},"excerpt":{"rendered":"<p>Caracter\u00edsticas do Produto: 3 n\u00edveis de velocidade; 3.7V bateria recarreg\u00e1vel; Especifica\u00e7\u00f5es: Velocidade: 4800 rpm; Sa\u00edda:&#8230;<\/p>\n","protected":false},"featured_media":0,"comment_status":"closed","ping_status":"closed","template":"","meta":{"_acf_changed":false},"class_list":["post-1461","product","type-product","status-publish","hentry","product_cat-variedades","pa_cores-amarelo","pa_cores-azul","pa_cores-preto","pa_cores-rosa"],"acf":[],"_links":{"self":[{"href":"https:\/\/host86.com.br\/clientes20\/kingo\/wp-json\/wp\/v2\/product\/1461","targetHints":{"allow":["GET"]}}],"collection":[{"href":"https:\/\/host86.com.br\/clientes20\/kingo\/wp-json\/wp\/v2\/product"}],"about":[{"href":"https:\/\/host86.com.br\/clientes20\/kingo\/wp-json\/wp\/v2\/types\/product"}],"replies":[{"embeddable":true,"href":"https:\/\/host86.com.br\/clientes20\/kingo\/wp-json\/wp\/v2\/comments?post=1461"}],"wp:attachment":[{"href":"https:\/\/host86.com.br\/clientes20\/kingo\/wp-json\/wp\/v2\/media?parent=1461"}],"curies":[{"name":"wp","href":"https:\/\/api.w.org\/{rel}","templated":true}]}}