{"id":1460,"date":"2020-03-27T15:59:39","date_gmt":"2020-03-27T18:59:39","guid":{"rendered":"http:\/\/localhost\/kingo\/produto\/ventilador-usb-portatil-fs-03\/"},"modified":"2020-03-27T16:32:16","modified_gmt":"2020-03-27T19:32:16","slug":"ventilador-usb-portatil-fs-03","status":"publish","type":"product","link":"https:\/\/host86.com.br\/clientes20\/kingo\/produto\/ventilador-usb-portatil-fs-03\/","title":{"rendered":"Ventilador USB Port\u00e1til (FS-03)"},"content":{"rendered":"<p>Especifica\u00e7\u00f5es: Carregamento via USB; Bateria de L\u00edtio; Dimens\u00f5es: 125x152x115mm; Material: ABS; Peso: 168g; Bateria: 1200mAh; Quantidade da bateria: 1; Tempo de carga: 2,5 a 3 horas; Dura\u00e7\u00e3o da Bateria com carga cheia: Velocidade M\u00e1xima: 1,5 horas; Velocidade M\u00e9dia: 2,5 horas; Velocidade M\u00ednima: 3,5 horas; Entrada: DV 5V \/ 1A; Comprimento do cabo: 30 cm<\/p>\n","protected":false},"excerpt":{"rendered":"<p>Especifica\u00e7\u00f5es: Carregamento via USB; Bateria de L\u00edtio; Dimens\u00f5es: 125x152x115mm; Material: ABS; Peso: 168g; Bateria: 1200mAh;&#8230;<\/p>\n","protected":false},"featured_media":0,"comment_status":"closed","ping_status":"closed","template":"","meta":{"_acf_changed":false},"class_list":["post-1460","product","type-product","status-publish","hentry","product_cat-variedades","pa_cores-azul-claro","pa_cores-preto","pa_cores-rosa"],"acf":[],"_links":{"self":[{"href":"https:\/\/host86.com.br\/clientes20\/kingo\/wp-json\/wp\/v2\/product\/1460","targetHints":{"allow":["GET"]}}],"collection":[{"href":"https:\/\/host86.com.br\/clientes20\/kingo\/wp-json\/wp\/v2\/product"}],"about":[{"href":"https:\/\/host86.com.br\/clientes20\/kingo\/wp-json\/wp\/v2\/types\/product"}],"replies":[{"embeddable":true,"href":"https:\/\/host86.com.br\/clientes20\/kingo\/wp-json\/wp\/v2\/comments?post=1460"}],"wp:attachment":[{"href":"https:\/\/host86.com.br\/clientes20\/kingo\/wp-json\/wp\/v2\/media?parent=1460"}],"curies":[{"name":"wp","href":"https:\/\/api.w.org\/{rel}","templated":true}]}}