{"id":1459,"date":"2020-03-27T15:59:39","date_gmt":"2020-03-27T18:59:39","guid":{"rendered":"http:\/\/localhost\/kingo\/produto\/ventilador-usb-portatil-fs-02\/"},"modified":"2020-03-27T15:59:41","modified_gmt":"2020-03-27T18:59:41","slug":"ventilador-usb-portatil-fs-02","status":"publish","type":"product","link":"https:\/\/host86.com.br\/clientes20\/kingo\/produto\/ventilador-usb-portatil-fs-02\/","title":{"rendered":"Ventilador USB Port\u00e1til (FS-02)"},"content":{"rendered":"<p>Carregamento via USB; Bateria de L\u00edtio; 3 N\u00edveis de Velocidade. Especifica\u00e7\u00f5es: Peso: 200g; Dimens\u00f5es: 105 x 220 x 41 mm; Embalagem: 110 x 220 x 45 mm; Entrada para Carregamento: DC 5V &#8211; 1.0A; Dura\u00e7\u00e3o da Bateria: 2h30min.<\/p>\n","protected":false},"excerpt":{"rendered":"<p>Carregamento via USB; Bateria de L\u00edtio; 3 N\u00edveis de Velocidade. Especifica\u00e7\u00f5es: Peso: 200g; Dimens\u00f5es: 105&#8230;<\/p>\n","protected":false},"featured_media":0,"comment_status":"closed","ping_status":"open","template":"","meta":{"_acf_changed":false},"class_list":["post-1459","product","type-product","status-publish","hentry","product_cat-variedades","pa_cores-azul","pa_cores-branco","pa_cores-rosa-claro","pa_cores-verde"],"acf":[],"_links":{"self":[{"href":"https:\/\/host86.com.br\/clientes20\/kingo\/wp-json\/wp\/v2\/product\/1459","targetHints":{"allow":["GET"]}}],"collection":[{"href":"https:\/\/host86.com.br\/clientes20\/kingo\/wp-json\/wp\/v2\/product"}],"about":[{"href":"https:\/\/host86.com.br\/clientes20\/kingo\/wp-json\/wp\/v2\/types\/product"}],"replies":[{"embeddable":true,"href":"https:\/\/host86.com.br\/clientes20\/kingo\/wp-json\/wp\/v2\/comments?post=1459"}],"wp:attachment":[{"href":"https:\/\/host86.com.br\/clientes20\/kingo\/wp-json\/wp\/v2\/media?parent=1459"}],"curies":[{"name":"wp","href":"https:\/\/api.w.org\/{rel}","templated":true}]}}