{"id":1458,"date":"2020-03-27T15:59:39","date_gmt":"2020-03-27T18:59:39","guid":{"rendered":"http:\/\/localhost\/kingo\/produto\/caixa-de-som-bluetooth-touch-lamp-multi-cor\/"},"modified":"2020-03-27T16:32:00","modified_gmt":"2020-03-27T19:32:00","slug":"caixa-de-som-bluetooth-touch-lamp-multi-cor","status":"publish","type":"product","link":"https:\/\/host86.com.br\/clientes20\/kingo\/produto\/caixa-de-som-bluetooth-touch-lamp-multi-cor\/","title":{"rendered":"Caixa De Som Bluetooth Touch Lamp Multi Cor"},"content":{"rendered":"<p>Ligada ap\u00f3s recarga completa pode ser usado por aproximadamente 10 horas, em um \u00fanico tom de luz pode ser usado por 10 horas, o baixo brilho de luz pode ser usado 15 horas; Suporte para cart\u00e3o de MP3 tamb\u00e9m pode ser usado com um cabo de alto-falante externo, atender o telefone e desligar apenas toque para pausar, computador mais Bluetooth; Adaptador, voc\u00ea pode cinema e bate-papo de voz; Pot\u00eancia do altifalante: 3W; Poder da luz: 2W; Bateria: 1800mAh, 3.7V; Vers\u00e3o Bluetooth: V2.1 + EDR; Frequ\u00eancia do Bluetooth: 2.402-2.48GHz; Dist\u00e2ncia efetiva: 10M; SNR: \u2265 85dB; Resposta em frequ\u00eancia: 50Hz-20KHz; Entrada: DC 5V \/ 500mAh; Tamanho: 95 * 122mm; M\u00fasica Playing tempo: 5hs (Volume m\u00e1ximo), 8hs (Volume normal); Tempo de ilumina\u00e7\u00e3o de luz: 8hs (brilho elevado), 16hs (baixo brilho).<\/p>\n","protected":false},"excerpt":{"rendered":"<p>Ligada ap\u00f3s recarga completa pode ser usado por aproximadamente 10 horas, em um \u00fanico tom&#8230;<\/p>\n","protected":false},"featured_media":0,"comment_status":"closed","ping_status":"closed","template":"","meta":{"_acf_changed":false},"class_list":["post-1458","product","type-product","status-publish","hentry","product_cat-caixas-de-som","pa_cores-multicolor"],"acf":[],"_links":{"self":[{"href":"https:\/\/host86.com.br\/clientes20\/kingo\/wp-json\/wp\/v2\/product\/1458","targetHints":{"allow":["GET"]}}],"collection":[{"href":"https:\/\/host86.com.br\/clientes20\/kingo\/wp-json\/wp\/v2\/product"}],"about":[{"href":"https:\/\/host86.com.br\/clientes20\/kingo\/wp-json\/wp\/v2\/types\/product"}],"replies":[{"embeddable":true,"href":"https:\/\/host86.com.br\/clientes20\/kingo\/wp-json\/wp\/v2\/comments?post=1458"}],"wp:attachment":[{"href":"https:\/\/host86.com.br\/clientes20\/kingo\/wp-json\/wp\/v2\/media?parent=1458"}],"curies":[{"name":"wp","href":"https:\/\/api.w.org\/{rel}","templated":true}]}}