{"id":1456,"date":"2020-03-27T15:59:39","date_gmt":"2020-03-27T18:59:39","guid":{"rendered":"http:\/\/localhost\/kingo\/produto\/toalha-de-absorcao-e-rapida-secagem-rh04\/"},"modified":"2020-03-31T12:58:59","modified_gmt":"2020-03-31T15:58:59","slug":"toalha-de-absorcao-e-rapida-secagem-rh04","status":"publish","type":"product","link":"https:\/\/host86.com.br\/clientes20\/kingo\/produto\/toalha-de-absorcao-e-rapida-secagem-rh04\/","title":{"rendered":"Toalha de Absor\u00e7\u00e3o e R\u00e1pida Secagem (RH04)"},"content":{"rendered":"<p>Tamanho: 800mm x 1300mm; Material: 85% Poli\u00e9ster + 15% Nylon; Caracter\u00edsticas: Antibacteriano, eficaz e ultra leve.<\/p>\n","protected":false},"excerpt":{"rendered":"<p>Tamanho: 800mm x 1300mm; Material: 85% Poli\u00e9ster + 15% Nylon; Caracter\u00edsticas: Antibacteriano, eficaz e ultra&#8230;<\/p>\n","protected":false},"featured_media":0,"comment_status":"closed","ping_status":"closed","template":"","meta":{"_acf_changed":false},"class_list":["post-1456","product","type-product","status-publish","hentry","product_cat-variedades","pa_cores-azul","pa_cores-cinza","pa_cores-roxo"],"acf":[],"_links":{"self":[{"href":"https:\/\/host86.com.br\/clientes20\/kingo\/wp-json\/wp\/v2\/product\/1456","targetHints":{"allow":["GET"]}}],"collection":[{"href":"https:\/\/host86.com.br\/clientes20\/kingo\/wp-json\/wp\/v2\/product"}],"about":[{"href":"https:\/\/host86.com.br\/clientes20\/kingo\/wp-json\/wp\/v2\/types\/product"}],"replies":[{"embeddable":true,"href":"https:\/\/host86.com.br\/clientes20\/kingo\/wp-json\/wp\/v2\/comments?post=1456"}],"wp:attachment":[{"href":"https:\/\/host86.com.br\/clientes20\/kingo\/wp-json\/wp\/v2\/media?parent=1456"}],"curies":[{"name":"wp","href":"https:\/\/api.w.org\/{rel}","templated":true}]}}