{"id":1455,"date":"2020-03-27T15:59:39","date_gmt":"2020-03-27T18:59:39","guid":{"rendered":"http:\/\/localhost\/kingo\/produto\/toalha-de-poliester-rh20\/"},"modified":"2020-03-31T13:06:13","modified_gmt":"2020-03-31T16:06:13","slug":"toalha-de-poliester-rh20","status":"publish","type":"product","link":"https:\/\/host86.com.br\/clientes20\/kingo\/produto\/toalha-de-poliester-rh20\/","title":{"rendered":"Toalha de Poli\u00e9ster (RH20)"},"content":{"rendered":"<p>Tamanho: 120cm x 30cm; Material: 55% Nylon + 45% Poli\u00e9ster; Caracter\u00edsticas: Toalha com sensa\u00e7\u00e3o fria, para baixar a temperatura do corpo.<\/p>\n","protected":false},"excerpt":{"rendered":"<p>Tamanho: 120cm x 30cm; Material: 55% Nylon + 45% Poli\u00e9ster; Caracter\u00edsticas: Toalha com sensa\u00e7\u00e3o fria,&#8230;<\/p>\n","protected":false},"featured_media":0,"comment_status":"closed","ping_status":"closed","template":"","meta":{"_acf_changed":false},"class_list":["post-1455","product","type-product","status-publish","hentry","product_cat-variedades","pa_cores-azul","pa_cores-cinza","pa_cores-rosa"],"acf":[],"_links":{"self":[{"href":"https:\/\/host86.com.br\/clientes20\/kingo\/wp-json\/wp\/v2\/product\/1455","targetHints":{"allow":["GET"]}}],"collection":[{"href":"https:\/\/host86.com.br\/clientes20\/kingo\/wp-json\/wp\/v2\/product"}],"about":[{"href":"https:\/\/host86.com.br\/clientes20\/kingo\/wp-json\/wp\/v2\/types\/product"}],"replies":[{"embeddable":true,"href":"https:\/\/host86.com.br\/clientes20\/kingo\/wp-json\/wp\/v2\/comments?post=1455"}],"wp:attachment":[{"href":"https:\/\/host86.com.br\/clientes20\/kingo\/wp-json\/wp\/v2\/media?parent=1455"}],"curies":[{"name":"wp","href":"https:\/\/api.w.org\/{rel}","templated":true}]}}