{"id":1454,"date":"2020-03-27T15:59:39","date_gmt":"2020-03-27T18:59:39","guid":{"rendered":"http:\/\/localhost\/kingo\/produto\/tripe-monopod-com-bluetooth-para-celular-g18\/"},"modified":"2020-03-27T15:59:40","modified_gmt":"2020-03-27T18:59:40","slug":"tripe-monopod-com-bluetooth-para-celular-g18","status":"publish","type":"product","link":"https:\/\/host86.com.br\/clientes20\/kingo\/produto\/tripe-monopod-com-bluetooth-para-celular-g18\/","title":{"rendered":"Trip\u00e9 \/ Monopod com Bluetooth para Celular (G18)"},"content":{"rendered":"<p>Controle remoto Bluetooth remov\u00edvel, suporta um controle de at\u00e9 10 metros; Trip\u00e9 oculto na parte inferior, adequado para cenas ao ar livre ao vivo; A haste de liga de alum\u00ednio de seis se\u00e7\u00f5es, leve e dur\u00e1vel, que permite controlar o comprimento da haste como quiser; A cabe\u00e7a ajust\u00e1vel de 360 graus fornece um \u00e2ngulo de fotografia mais adequado; Design pequeno e port\u00e1til, para transportar em sua bolsa, mochila, bolsa; Amplamente compat\u00edvel com o telefone com 4 a 6,5 polegadas; Luz LED embutida para melhorar a qualidade da foto, especialmente em condi\u00e7\u00f5es de pouca luz, a luz tamb\u00e9m pode ser usada como luz SOS; Especifica\u00e7\u00e3o: Conex\u00e3o: Bluetooth 3.0; Dist\u00e2ncia de conex\u00e3o: 10m; Capacidade da bateria do controle remoto: 360mAh; Material: liga de alum\u00ednio + ABS; Compat\u00edvel com: Bluetooth 3.0 ou superior; Inclu\u00eddo no Pacote: 1 x Extens\u00edvel Bluetooth Selfie Stick com Trip\u00e9; 1 x cabo de carregamento; 1 x Manual do Usu\u00e1rio; Apenas acess\u00f3rios, outras coisas n\u00e3o inclu\u00eddas<\/p>\n","protected":false},"excerpt":{"rendered":"<p>Controle remoto Bluetooth remov\u00edvel, suporta um controle de at\u00e9 10 metros; Trip\u00e9 oculto na parte&#8230;<\/p>\n","protected":false},"featured_media":0,"comment_status":"closed","ping_status":"open","template":"","meta":{"_acf_changed":false},"class_list":["post-1454","product","type-product","status-publish","hentry","product_cat-variedades","pa_cores-preto"],"acf":[],"_links":{"self":[{"href":"https:\/\/host86.com.br\/clientes20\/kingo\/wp-json\/wp\/v2\/product\/1454","targetHints":{"allow":["GET"]}}],"collection":[{"href":"https:\/\/host86.com.br\/clientes20\/kingo\/wp-json\/wp\/v2\/product"}],"about":[{"href":"https:\/\/host86.com.br\/clientes20\/kingo\/wp-json\/wp\/v2\/types\/product"}],"replies":[{"embeddable":true,"href":"https:\/\/host86.com.br\/clientes20\/kingo\/wp-json\/wp\/v2\/comments?post=1454"}],"wp:attachment":[{"href":"https:\/\/host86.com.br\/clientes20\/kingo\/wp-json\/wp\/v2\/media?parent=1454"}],"curies":[{"name":"wp","href":"https:\/\/api.w.org\/{rel}","templated":true}]}}