{"id":1453,"date":"2020-03-27T15:59:39","date_gmt":"2020-03-27T18:59:39","guid":{"rendered":"http:\/\/localhost\/kingo\/produto\/mochila-impermeavelrh52\/"},"modified":"2020-03-27T15:59:39","modified_gmt":"2020-03-27T18:59:39","slug":"mochila-impermeavelrh52","status":"publish","type":"product","link":"https:\/\/host86.com.br\/clientes20\/kingo\/produto\/mochila-impermeavelrh52\/","title":{"rendered":"Mochila Imperme\u00e1vel(RH52)"},"content":{"rendered":"<p>Tamanho: 42cm x 23cm x 17cm; Material: Tecido de nylon imperme\u00e1vel; Caracter\u00edsticas: Compacto e f\u00e1cil de guardar com material resistente e leve.<\/p>\n","protected":false},"excerpt":{"rendered":"<p>Tamanho: 42cm x 23cm x 17cm; Material: Tecido de nylon imperme\u00e1vel; Caracter\u00edsticas: Compacto e f\u00e1cil&#8230;<\/p>\n","protected":false},"featured_media":0,"comment_status":"closed","ping_status":"open","template":"","meta":{"_acf_changed":false},"class_list":["post-1453","product","type-product","status-publish","hentry","product_cat-variedades","pa_cores-cinza"],"acf":[],"_links":{"self":[{"href":"https:\/\/host86.com.br\/clientes20\/kingo\/wp-json\/wp\/v2\/product\/1453","targetHints":{"allow":["GET"]}}],"collection":[{"href":"https:\/\/host86.com.br\/clientes20\/kingo\/wp-json\/wp\/v2\/product"}],"about":[{"href":"https:\/\/host86.com.br\/clientes20\/kingo\/wp-json\/wp\/v2\/types\/product"}],"replies":[{"embeddable":true,"href":"https:\/\/host86.com.br\/clientes20\/kingo\/wp-json\/wp\/v2\/comments?post=1453"}],"wp:attachment":[{"href":"https:\/\/host86.com.br\/clientes20\/kingo\/wp-json\/wp\/v2\/media?parent=1453"}],"curies":[{"name":"wp","href":"https:\/\/api.w.org\/{rel}","templated":true}]}}