{"id":1452,"date":"2020-03-27T15:59:39","date_gmt":"2020-03-27T18:59:39","guid":{"rendered":"http:\/\/localhost\/kingo\/produto\/lencol-impermeavelrh33\/"},"modified":"2020-03-27T15:59:39","modified_gmt":"2020-03-27T18:59:39","slug":"lencol-impermeavelrh33","status":"publish","type":"product","link":"https:\/\/host86.com.br\/clientes20\/kingo\/produto\/lencol-impermeavelrh33\/","title":{"rendered":"Len\u00e7ol Imperme\u00e1vel(RH33)"},"content":{"rendered":"<p>Tamanho: 170cm x 140cm; Material: Poli\u00e9ster; Caracter\u00edsticas: Pode ser usado em piquenique, ou como len\u00e7ol para cama.<\/p>\n","protected":false},"excerpt":{"rendered":"<p>Tamanho: 170cm x 140cm; Material: Poli\u00e9ster; Caracter\u00edsticas: Pode ser usado em piquenique, ou como len\u00e7ol&#8230;<\/p>\n","protected":false},"featured_media":0,"comment_status":"closed","ping_status":"open","template":"","meta":{"_acf_changed":false},"class_list":["post-1452","product","type-product","status-publish","hentry","product_cat-variedades","pa_cores-preto"],"acf":[],"_links":{"self":[{"href":"https:\/\/host86.com.br\/clientes20\/kingo\/wp-json\/wp\/v2\/product\/1452","targetHints":{"allow":["GET"]}}],"collection":[{"href":"https:\/\/host86.com.br\/clientes20\/kingo\/wp-json\/wp\/v2\/product"}],"about":[{"href":"https:\/\/host86.com.br\/clientes20\/kingo\/wp-json\/wp\/v2\/types\/product"}],"replies":[{"embeddable":true,"href":"https:\/\/host86.com.br\/clientes20\/kingo\/wp-json\/wp\/v2\/comments?post=1452"}],"wp:attachment":[{"href":"https:\/\/host86.com.br\/clientes20\/kingo\/wp-json\/wp\/v2\/media?parent=1452"}],"curies":[{"name":"wp","href":"https:\/\/api.w.org\/{rel}","templated":true}]}}