{"id":1449,"date":"2020-03-27T15:59:29","date_gmt":"2020-03-27T18:59:29","guid":{"rendered":"http:\/\/localhost\/kingo\/produto\/cinta-postural\/"},"modified":"2020-03-27T15:59:36","modified_gmt":"2020-03-27T18:59:36","slug":"cinta-postural","status":"publish","type":"product","link":"https:\/\/host86.com.br\/clientes20\/kingo\/produto\/cinta-postural\/","title":{"rendered":"Cinta Postural"},"content":{"rendered":"<p>Caracter\u00edsticas: Ajuda a corrigir a postura, material resiste e confort\u00e1vel.; Tamanho: 38cm x 27cm x 20cm; Materiais: Tecido respir\u00e1vel + PU + Nylon.<\/p>\n","protected":false},"excerpt":{"rendered":"<p>Caracter\u00edsticas: Ajuda a corrigir a postura, material resiste e confort\u00e1vel.; Tamanho: 38cm x 27cm x&#8230;<\/p>\n","protected":false},"featured_media":0,"comment_status":"closed","ping_status":"open","template":"","meta":{"_acf_changed":false},"class_list":["post-1449","product","type-product","status-publish","hentry","product_cat-variedades","pa_cores-preto"],"acf":[],"_links":{"self":[{"href":"https:\/\/host86.com.br\/clientes20\/kingo\/wp-json\/wp\/v2\/product\/1449","targetHints":{"allow":["GET"]}}],"collection":[{"href":"https:\/\/host86.com.br\/clientes20\/kingo\/wp-json\/wp\/v2\/product"}],"about":[{"href":"https:\/\/host86.com.br\/clientes20\/kingo\/wp-json\/wp\/v2\/types\/product"}],"replies":[{"embeddable":true,"href":"https:\/\/host86.com.br\/clientes20\/kingo\/wp-json\/wp\/v2\/comments?post=1449"}],"wp:attachment":[{"href":"https:\/\/host86.com.br\/clientes20\/kingo\/wp-json\/wp\/v2\/media?parent=1449"}],"curies":[{"name":"wp","href":"https:\/\/api.w.org\/{rel}","templated":true}]}}