{"id":1446,"date":"2020-03-27T15:59:29","date_gmt":"2020-03-27T18:59:29","guid":{"rendered":"http:\/\/localhost\/kingo\/produto\/carregador-veicular-v8\/"},"modified":"2020-03-27T15:59:35","modified_gmt":"2020-03-27T18:59:35","slug":"carregador-veicular-v8","status":"publish","type":"product","link":"https:\/\/host86.com.br\/clientes20\/kingo\/produto\/carregador-veicular-v8\/","title":{"rendered":"Carregador Veicular V8"},"content":{"rendered":"<p>Converte o acendedor 12V de seu carro em duas conex\u00f5es de alimenta\u00e7\u00e3o USB 5V. Alimenta e recarrega ao mesmo tempo at\u00e9 dois dispositivos m\u00f3veis. Carregue seu Smartphone, tablet, GPS ou outros dispositivos port\u00e1teis com este compacto e eficiente carregador veicular; Caracter\u00edsticas: Marca: KinGo; Compatibilidade: Sony, Nokia, Motorola, LG e Samsung, V8\/N97; Especifica\u00e7\u00f5es: Entrada: DC 12-24V ; Sa\u00edda: DC 5-6V   500-700mA; Cor: Preto; Conte\u00fado da embalagem: 1 Carregador Veicular V8\/N97<\/p>\n","protected":false},"excerpt":{"rendered":"<p>Converte o acendedor 12V de seu carro em duas conex\u00f5es de alimenta\u00e7\u00e3o USB 5V. Alimenta&#8230;<\/p>\n","protected":false},"featured_media":0,"comment_status":"closed","ping_status":"open","template":"","meta":{"_acf_changed":false},"class_list":["post-1446","product","type-product","status-publish","hentry","product_cat-carregadores","pa_cores-preto","pa_modelo-v8"],"acf":[],"_links":{"self":[{"href":"https:\/\/host86.com.br\/clientes20\/kingo\/wp-json\/wp\/v2\/product\/1446","targetHints":{"allow":["GET"]}}],"collection":[{"href":"https:\/\/host86.com.br\/clientes20\/kingo\/wp-json\/wp\/v2\/product"}],"about":[{"href":"https:\/\/host86.com.br\/clientes20\/kingo\/wp-json\/wp\/v2\/types\/product"}],"replies":[{"embeddable":true,"href":"https:\/\/host86.com.br\/clientes20\/kingo\/wp-json\/wp\/v2\/comments?post=1446"}],"wp:attachment":[{"href":"https:\/\/host86.com.br\/clientes20\/kingo\/wp-json\/wp\/v2\/media?parent=1446"}],"curies":[{"name":"wp","href":"https:\/\/api.w.org\/{rel}","templated":true}]}}