{"id":1445,"date":"2020-03-27T15:59:29","date_gmt":"2020-03-27T18:59:29","guid":{"rendered":"http:\/\/localhost\/kingo\/produto\/carregador-veicular-s3-s4\/"},"modified":"2020-03-31T13:56:07","modified_gmt":"2020-03-31T16:56:07","slug":"carregador-veicular-s3-s4","status":"publish","type":"product","link":"https:\/\/host86.com.br\/clientes20\/kingo\/produto\/carregador-veicular-s3-s4\/","title":{"rendered":"Carregador Veicular S3\/S4"},"content":{"rendered":"<p>Modelo: S3\/S4; Entrada: 12-24V   50\/60Hz; Sa\u00edda: 5-6V DC; Max: 500-700mA; Carregue o seu telefone celular quando voc\u00ea estiver na estrada. Use o tempo que voc\u00ea gasta em seu carro para certificar-se de que o seu telefone est\u00e1 pronto para ir. Carregador de carro conecta a do seu isqueiro do carro e carrega seu telefone enquanto voc\u00ea est\u00e1 dirigindo.<\/p>\n","protected":false},"excerpt":{"rendered":"<p>Modelo: S3\/S4; Entrada: 12-24V 50\/60Hz; Sa\u00edda: 5-6V DC; Max: 500-700mA; Carregue o seu telefone celular&#8230;<\/p>\n","protected":false},"featured_media":0,"comment_status":"closed","ping_status":"open","template":"","meta":{"_acf_changed":false},"class_list":["post-1445","product","type-product","status-publish","hentry","product_cat-carregadores","pa_cores-preto","pa_modelo-samsung-s3","pa_modelo-samsung-s4"],"acf":[],"_links":{"self":[{"href":"https:\/\/host86.com.br\/clientes20\/kingo\/wp-json\/wp\/v2\/product\/1445","targetHints":{"allow":["GET"]}}],"collection":[{"href":"https:\/\/host86.com.br\/clientes20\/kingo\/wp-json\/wp\/v2\/product"}],"about":[{"href":"https:\/\/host86.com.br\/clientes20\/kingo\/wp-json\/wp\/v2\/types\/product"}],"replies":[{"embeddable":true,"href":"https:\/\/host86.com.br\/clientes20\/kingo\/wp-json\/wp\/v2\/comments?post=1445"}],"wp:attachment":[{"href":"https:\/\/host86.com.br\/clientes20\/kingo\/wp-json\/wp\/v2\/media?parent=1445"}],"curies":[{"name":"wp","href":"https:\/\/api.w.org\/{rel}","templated":true}]}}