{"id":1444,"date":"2020-03-27T15:59:29","date_gmt":"2020-03-27T18:59:29","guid":{"rendered":"http:\/\/localhost\/kingo\/produto\/bracadeira-lycra-iphone-xs-max\/"},"modified":"2020-03-27T15:59:34","modified_gmt":"2020-03-27T18:59:34","slug":"bracadeira-lycra-iphone-xs-max","status":"publish","type":"product","link":"https:\/\/host86.com.br\/clientes20\/kingo\/produto\/bracadeira-lycra-iphone-xs-max\/","title":{"rendered":"Bra\u00e7adeira Lycra Iphone XS Max"},"content":{"rendered":"<p>Especifica\u00e7\u00f5es: Material de Lycra Poliamida; Imperme\u00e1vel; Bolso para chave; Modelo Universal<\/p>\n","protected":false},"excerpt":{"rendered":"<p>Especifica\u00e7\u00f5es: Material de Lycra Poliamida; Imperme\u00e1vel; Bolso para chave; Modelo Universal<\/p>\n","protected":false},"featured_media":0,"comment_status":"closed","ping_status":"open","template":"","meta":{"_acf_changed":false},"class_list":["post-1444","product","type-product","status-publish","hentry","product_cat-bracadeiras","pa_cores-azul","pa_cores-cinza","pa_cores-rosa","pa_cores-verde","pa_modelo-iphone-xs-max"],"acf":[],"_links":{"self":[{"href":"https:\/\/host86.com.br\/clientes20\/kingo\/wp-json\/wp\/v2\/product\/1444","targetHints":{"allow":["GET"]}}],"collection":[{"href":"https:\/\/host86.com.br\/clientes20\/kingo\/wp-json\/wp\/v2\/product"}],"about":[{"href":"https:\/\/host86.com.br\/clientes20\/kingo\/wp-json\/wp\/v2\/types\/product"}],"replies":[{"embeddable":true,"href":"https:\/\/host86.com.br\/clientes20\/kingo\/wp-json\/wp\/v2\/comments?post=1444"}],"wp:attachment":[{"href":"https:\/\/host86.com.br\/clientes20\/kingo\/wp-json\/wp\/v2\/media?parent=1444"}],"curies":[{"name":"wp","href":"https:\/\/api.w.org\/{rel}","templated":true}]}}