{"id":1443,"date":"2020-03-27T15:59:29","date_gmt":"2020-03-27T18:59:29","guid":{"rendered":"http:\/\/localhost\/kingo\/produto\/bracadeira-lycra-para-celular\/"},"modified":"2020-03-31T14:01:15","modified_gmt":"2020-03-31T17:01:15","slug":"bracadeira-lycra-para-celular","status":"publish","type":"product","link":"https:\/\/host86.com.br\/clientes20\/kingo\/produto\/bracadeira-lycra-para-celular\/","title":{"rendered":"Bra\u00e7adeira Lycra para Celular"},"content":{"rendered":"<p>A Bra\u00e7adeira KinGo se encaixa confortavelmente contra o seu bra\u00e7o para lhe dar prote\u00e7\u00e3o total em suas corridas, caminhadas, protegendo contra a umidade e sem acrescentar volume extra; Especifica\u00e7\u00f5es: Material: Lycra e Neoprene<\/p>\n","protected":false},"excerpt":{"rendered":"<p>A Bra\u00e7adeira KinGo se encaixa confortavelmente contra o seu bra\u00e7o para lhe dar prote\u00e7\u00e3o total&#8230;<\/p>\n","protected":false},"featured_media":0,"comment_status":"closed","ping_status":"closed","template":"","meta":{"_acf_changed":false},"class_list":["post-1443","product","type-product","status-publish","hentry","product_cat-bracadeiras","pa_cores-preto","pa_modelo-iphone-xs","pa_modelo-iphone-xs-max","pa_modelo-samsung-s10","pa_modelo-samsung-s9"],"acf":[],"_links":{"self":[{"href":"https:\/\/host86.com.br\/clientes20\/kingo\/wp-json\/wp\/v2\/product\/1443","targetHints":{"allow":["GET"]}}],"collection":[{"href":"https:\/\/host86.com.br\/clientes20\/kingo\/wp-json\/wp\/v2\/product"}],"about":[{"href":"https:\/\/host86.com.br\/clientes20\/kingo\/wp-json\/wp\/v2\/types\/product"}],"replies":[{"embeddable":true,"href":"https:\/\/host86.com.br\/clientes20\/kingo\/wp-json\/wp\/v2\/comments?post=1443"}],"wp:attachment":[{"href":"https:\/\/host86.com.br\/clientes20\/kingo\/wp-json\/wp\/v2\/media?parent=1443"}],"curies":[{"name":"wp","href":"https:\/\/api.w.org\/{rel}","templated":true}]}}