{"id":1439,"date":"2020-03-27T15:59:29","date_gmt":"2020-03-27T18:59:29","guid":{"rendered":"http:\/\/localhost\/kingo\/produto\/power-bank-20-000mah-2usbj2\/"},"modified":"2020-04-01T13:08:15","modified_gmt":"2020-04-01T16:08:15","slug":"power-bank-20-000mah-2usbj2","status":"publish","type":"product","link":"https:\/\/host86.com.br\/clientes20\/kingo\/produto\/power-bank-20-000mah-2usbj2\/","title":{"rendered":"Power Bank 20.000mAh 2USB(J2)"},"content":{"rendered":"<p>Especifica\u00e7\u00f5es do Produto: Indicador LCD; Capacidade da bateria: 20.000mAh; Entrada: 5V &#8211; 2A; Sa\u00edda Usb: 5V &#8211; 2.1A; Sa\u00edda Total (MAX): 5v &#8211; 2.1A; Dimens\u00f5es: 147 x 75 x 26.8mm; Peso: 432.8g.; Caracter\u00edsticas do Produto: Sistema interno com prote\u00e7\u00e3o inteligente para evitar sobrecarga e curto circuito; 2 sa\u00eddas USB at\u00e9 2.1A; N\u00facleo de pol\u00edmeros com alta capacidade e de longa dura\u00e7\u00e3o.<\/p>\n","protected":false},"excerpt":{"rendered":"<p>Especifica\u00e7\u00f5es do Produto: Indicador LCD; Capacidade da bateria: 20.000mAh; Entrada: 5V &#8211; 2A; Sa\u00edda Usb:&#8230;<\/p>\n","protected":false},"featured_media":1925,"comment_status":"closed","ping_status":"closed","template":"","meta":{"_acf_changed":false},"class_list":["post-1439","product","type-product","status-publish","has-post-thumbnail","hentry","product_cat-carregadores","pa_cores-branco"],"acf":[],"_links":{"self":[{"href":"https:\/\/host86.com.br\/clientes20\/kingo\/wp-json\/wp\/v2\/product\/1439","targetHints":{"allow":["GET"]}}],"collection":[{"href":"https:\/\/host86.com.br\/clientes20\/kingo\/wp-json\/wp\/v2\/product"}],"about":[{"href":"https:\/\/host86.com.br\/clientes20\/kingo\/wp-json\/wp\/v2\/types\/product"}],"replies":[{"embeddable":true,"href":"https:\/\/host86.com.br\/clientes20\/kingo\/wp-json\/wp\/v2\/comments?post=1439"}],"wp:featuredmedia":[{"embeddable":true,"href":"https:\/\/host86.com.br\/clientes20\/kingo\/wp-json\/wp\/v2\/media\/1925"}],"wp:attachment":[{"href":"https:\/\/host86.com.br\/clientes20\/kingo\/wp-json\/wp\/v2\/media?parent=1439"}],"curies":[{"name":"wp","href":"https:\/\/api.w.org\/{rel}","templated":true}]}}