{"id":1437,"date":"2020-03-27T15:59:29","date_gmt":"2020-03-27T18:59:29","guid":{"rendered":"http:\/\/localhost\/kingo\/produto\/power-bank-10-000-mah-2-usb-e1\/"},"modified":"2020-04-01T13:05:10","modified_gmt":"2020-04-01T16:05:10","slug":"power-bank-10-000-mah-2-usb-e1","status":"publish","type":"product","link":"https:\/\/host86.com.br\/clientes20\/kingo\/produto\/power-bank-10-000-mah-2-usb-e1\/","title":{"rendered":"Power Bank 10.000 mAh 2 USB (E1)"},"content":{"rendered":"<p>Indicador de LCD; Capacidade da bateria: 10000mAh; Entrada: 5V \u2013 2.1A; Sa\u00edda USB: 5V &#8211; 2.1A Sa\u00edda sem fio: 5V &#8211; 1.0A Sa\u00edda total (MAX): 5V &#8211; 2.1A; Dimens\u00f5es: 148 x 73.5 x 16mm; Peso: 240.8g. Caracter\u00edsticas: Sistema interno com prote\u00e7\u00e3o inteligente para evitar sobrecarga e curto circu\u00edto; 2 sa\u00eddas USB ate 2.1A; N\u00facleo de pol\u00edmetro com alta capacidade e de longa dura\u00e7\u00e3o.<\/p>\n","protected":false},"excerpt":{"rendered":"<p>Indicador de LCD; Capacidade da bateria: 10000mAh; Entrada: 5V \u2013 2.1A; Sa\u00edda USB: 5V &#8211;&#8230;<\/p>\n","protected":false},"featured_media":1917,"comment_status":"closed","ping_status":"closed","template":"","meta":{"_acf_changed":false},"class_list":["post-1437","product","type-product","status-publish","has-post-thumbnail","hentry","product_cat-carregadores","pa_cores-branco"],"acf":[],"_links":{"self":[{"href":"https:\/\/host86.com.br\/clientes20\/kingo\/wp-json\/wp\/v2\/product\/1437","targetHints":{"allow":["GET"]}}],"collection":[{"href":"https:\/\/host86.com.br\/clientes20\/kingo\/wp-json\/wp\/v2\/product"}],"about":[{"href":"https:\/\/host86.com.br\/clientes20\/kingo\/wp-json\/wp\/v2\/types\/product"}],"replies":[{"embeddable":true,"href":"https:\/\/host86.com.br\/clientes20\/kingo\/wp-json\/wp\/v2\/comments?post=1437"}],"wp:featuredmedia":[{"embeddable":true,"href":"https:\/\/host86.com.br\/clientes20\/kingo\/wp-json\/wp\/v2\/media\/1917"}],"wp:attachment":[{"href":"https:\/\/host86.com.br\/clientes20\/kingo\/wp-json\/wp\/v2\/media?parent=1437"}],"curies":[{"name":"wp","href":"https:\/\/api.w.org\/{rel}","templated":true}]}}