{"id":1436,"date":"2020-03-27T15:59:29","date_gmt":"2020-03-27T18:59:29","guid":{"rendered":"http:\/\/localhost\/kingo\/produto\/capa-giratoria-para-celular\/"},"modified":"2020-03-27T15:59:31","modified_gmt":"2020-03-27T18:59:31","slug":"capa-giratoria-para-celular","status":"publish","type":"product","link":"https:\/\/host86.com.br\/clientes20\/kingo\/produto\/capa-giratoria-para-celular\/","title":{"rendered":"Capa Girat\u00f3ria para Celular"},"content":{"rendered":"<p>Capa girat\u00f3ria de couro sint\u00e9tico para celular.<\/p>\n","protected":false},"excerpt":{"rendered":"<p>Capa girat\u00f3ria de couro sint\u00e9tico para celular.<\/p>\n","protected":false},"featured_media":0,"comment_status":"closed","ping_status":"open","template":"","meta":{"_acf_changed":false},"class_list":["post-1436","product","type-product","status-publish","hentry","product_cat-capas","pa_cores-preto","pa_modelo-iphone-8-plus","pa_modelo-samsung-9plus"],"acf":[],"_links":{"self":[{"href":"https:\/\/host86.com.br\/clientes20\/kingo\/wp-json\/wp\/v2\/product\/1436","targetHints":{"allow":["GET"]}}],"collection":[{"href":"https:\/\/host86.com.br\/clientes20\/kingo\/wp-json\/wp\/v2\/product"}],"about":[{"href":"https:\/\/host86.com.br\/clientes20\/kingo\/wp-json\/wp\/v2\/types\/product"}],"replies":[{"embeddable":true,"href":"https:\/\/host86.com.br\/clientes20\/kingo\/wp-json\/wp\/v2\/comments?post=1436"}],"wp:attachment":[{"href":"https:\/\/host86.com.br\/clientes20\/kingo\/wp-json\/wp\/v2\/media?parent=1436"}],"curies":[{"name":"wp","href":"https:\/\/api.w.org\/{rel}","templated":true}]}}