{"id":1434,"date":"2020-03-27T15:59:29","date_gmt":"2020-03-27T18:59:29","guid":{"rendered":"http:\/\/localhost\/kingo\/produto\/capa-tpu-emborrachada-hq-pacote-com-10-pecas-4\/"},"modified":"2020-03-27T15:59:30","modified_gmt":"2020-03-27T18:59:30","slug":"capa-tpu-emborrachada-hq-pacote-com-10-pecas-4","status":"publish","type":"product","link":"https:\/\/host86.com.br\/clientes20\/kingo\/produto\/capa-tpu-emborrachada-hq-pacote-com-10-pecas-4\/","title":{"rendered":"Capa tpu Emborrachada (HQ) &#8211; Pacote com 10 pe\u00e7as"},"content":{"rendered":"<p>Capa em Poliuretano Termopl\u00e1stico de extrema prote\u00e7\u00e3o. Alta resist\u00eancia, durabilidade e maleabilidade. Oriundas de uma liga de silicone, protegem o aparelho em 360\u00ba. Garante a prote\u00e7\u00e3o integral do aparelho em at\u00e9 90% dos choques ocasionais.<\/p>\n","protected":false},"excerpt":{"rendered":"<p>Capa em Poliuretano Termopl\u00e1stico de extrema prote\u00e7\u00e3o. Alta resist\u00eancia, durabilidade e maleabilidade. Oriundas de uma&#8230;<\/p>\n","protected":false},"featured_media":0,"comment_status":"closed","ping_status":"open","template":"","meta":{"_acf_changed":false},"class_list":["post-1434","product","type-product","status-publish","hentry","product_cat-capas","pa_cores-transparente","pa_modelo-moto-c-plus"],"acf":[],"_links":{"self":[{"href":"https:\/\/host86.com.br\/clientes20\/kingo\/wp-json\/wp\/v2\/product\/1434","targetHints":{"allow":["GET"]}}],"collection":[{"href":"https:\/\/host86.com.br\/clientes20\/kingo\/wp-json\/wp\/v2\/product"}],"about":[{"href":"https:\/\/host86.com.br\/clientes20\/kingo\/wp-json\/wp\/v2\/types\/product"}],"replies":[{"embeddable":true,"href":"https:\/\/host86.com.br\/clientes20\/kingo\/wp-json\/wp\/v2\/comments?post=1434"}],"wp:attachment":[{"href":"https:\/\/host86.com.br\/clientes20\/kingo\/wp-json\/wp\/v2\/media?parent=1434"}],"curies":[{"name":"wp","href":"https:\/\/api.w.org\/{rel}","templated":true}]}}