{"id":1430,"date":"2020-03-27T15:59:20","date_gmt":"2020-03-27T18:59:20","guid":{"rendered":"http:\/\/localhost\/kingo\/produto\/bolsa-a-prova-dagua-com-touch\/"},"modified":"2020-03-27T15:59:27","modified_gmt":"2020-03-27T18:59:27","slug":"bolsa-a-prova-dagua-com-touch","status":"publish","type":"product","link":"https:\/\/host86.com.br\/clientes20\/kingo\/produto\/bolsa-a-prova-dagua-com-touch\/","title":{"rendered":"Bolsa a Prova d&#8217;\u00c1gua com Touch"},"content":{"rendered":"<p>Informa\u00e7\u00f5es: Visor transparente para tirar fotografia; Sens\u00edvel ao toque (N\u00e3o funciona dentro da \u00e1gua); Bra\u00e7adeira Macia; Por favor, teste as funcionalidades da bolsa antes de usar; Evite choques fortes e objetos pontiagudos.<\/p>\n","protected":false},"excerpt":{"rendered":"<p>Informa\u00e7\u00f5es: Visor transparente para tirar fotografia; Sens\u00edvel ao toque (N\u00e3o funciona dentro da \u00e1gua); Bra\u00e7adeira&#8230;<\/p>\n","protected":false},"featured_media":0,"comment_status":"closed","ping_status":"open","template":"","meta":{"_acf_changed":false},"class_list":["post-1430","product","type-product","status-publish","hentry","product_cat-bracadeiras","product_cat-capas","pa_cores-preto"],"acf":[],"_links":{"self":[{"href":"https:\/\/host86.com.br\/clientes20\/kingo\/wp-json\/wp\/v2\/product\/1430","targetHints":{"allow":["GET"]}}],"collection":[{"href":"https:\/\/host86.com.br\/clientes20\/kingo\/wp-json\/wp\/v2\/product"}],"about":[{"href":"https:\/\/host86.com.br\/clientes20\/kingo\/wp-json\/wp\/v2\/types\/product"}],"replies":[{"embeddable":true,"href":"https:\/\/host86.com.br\/clientes20\/kingo\/wp-json\/wp\/v2\/comments?post=1430"}],"wp:attachment":[{"href":"https:\/\/host86.com.br\/clientes20\/kingo\/wp-json\/wp\/v2\/media?parent=1430"}],"curies":[{"name":"wp","href":"https:\/\/api.w.org\/{rel}","templated":true}]}}