{"id":1418,"date":"2020-03-27T15:59:20","date_gmt":"2020-03-27T18:59:20","guid":{"rendered":"http:\/\/localhost\/kingo\/produto\/capa-metalizada-iphone-8\/"},"modified":"2020-03-31T15:16:47","modified_gmt":"2020-03-31T18:16:47","slug":"capa-metalizada-iphone-8","status":"publish","type":"product","link":"https:\/\/host86.com.br\/clientes20\/kingo\/produto\/capa-metalizada-iphone-8\/","title":{"rendered":"Capa metalizada Iphone 8"},"content":{"rendered":"<p>Com um design moderno e elegante, a capa metalizada \u00e9 composta por um material emborrachado nas laterias, e na parte tr\u00e1s um pouco mais r\u00eddica e met\u00e1lica.<\/p>\n","protected":false},"excerpt":{"rendered":"<p>Com um design moderno e elegante, a capa metalizada \u00e9 composta por um material emborrachado&#8230;<\/p>\n","protected":false},"featured_media":0,"comment_status":"closed","ping_status":"closed","template":"","meta":{"_acf_changed":false},"class_list":["post-1418","product","type-product","status-publish","hentry","product_cat-capas","pa_cores-azul","pa_cores-prata","pa_cores-preto","pa_cores-rosa-claro","pa_cores-vermelho","pa_modelo-iphone-8"],"acf":[],"_links":{"self":[{"href":"https:\/\/host86.com.br\/clientes20\/kingo\/wp-json\/wp\/v2\/product\/1418","targetHints":{"allow":["GET"]}}],"collection":[{"href":"https:\/\/host86.com.br\/clientes20\/kingo\/wp-json\/wp\/v2\/product"}],"about":[{"href":"https:\/\/host86.com.br\/clientes20\/kingo\/wp-json\/wp\/v2\/types\/product"}],"replies":[{"embeddable":true,"href":"https:\/\/host86.com.br\/clientes20\/kingo\/wp-json\/wp\/v2\/comments?post=1418"}],"wp:attachment":[{"href":"https:\/\/host86.com.br\/clientes20\/kingo\/wp-json\/wp\/v2\/media?parent=1418"}],"curies":[{"name":"wp","href":"https:\/\/api.w.org\/{rel}","templated":true}]}}