{"id":1411,"date":"2020-03-27T15:59:10","date_gmt":"2020-03-27T18:59:10","guid":{"rendered":"http:\/\/localhost\/kingo\/produto\/espatula-de-aco-jm-z12\/"},"modified":"2020-04-01T12:36:34","modified_gmt":"2020-04-01T15:36:34","slug":"espatula-de-aco-jm-z12","status":"publish","type":"product","link":"https:\/\/host86.com.br\/clientes20\/kingo\/produto\/espatula-de-aco-jm-z12\/","title":{"rendered":"Esp\u00e1tula de A\u00e7o (JM-Z12)"},"content":{"rendered":"<p>Descri\u00e7\u00e3o: Caracter\u00edsticas: 7.56 100% novo e de alta qualidade feito de material de alta tecnologia, adequado para trabalhos de alta resist\u00eancia. Al\u00e7as de superf\u00edcie brilhante e linhas antiderrapantes; Tamanho da embalagem: 2.0 * 2.0 * 2.0 ( cm ); Peso: 15g<\/p>\n","protected":false},"excerpt":{"rendered":"<p>Descri\u00e7\u00e3o: Caracter\u00edsticas: 7.56 100% novo e de alta qualidade feito de material de alta tecnologia,&#8230;<\/p>\n","protected":false},"featured_media":1868,"comment_status":"closed","ping_status":"closed","template":"","meta":{"_acf_changed":false},"class_list":["post-1411","product","type-product","status-publish","has-post-thumbnail","hentry","product_cat-ferramentas","pa_cores-prata"],"acf":[],"_links":{"self":[{"href":"https:\/\/host86.com.br\/clientes20\/kingo\/wp-json\/wp\/v2\/product\/1411","targetHints":{"allow":["GET"]}}],"collection":[{"href":"https:\/\/host86.com.br\/clientes20\/kingo\/wp-json\/wp\/v2\/product"}],"about":[{"href":"https:\/\/host86.com.br\/clientes20\/kingo\/wp-json\/wp\/v2\/types\/product"}],"replies":[{"embeddable":true,"href":"https:\/\/host86.com.br\/clientes20\/kingo\/wp-json\/wp\/v2\/comments?post=1411"}],"wp:featuredmedia":[{"embeddable":true,"href":"https:\/\/host86.com.br\/clientes20\/kingo\/wp-json\/wp\/v2\/media\/1868"}],"wp:attachment":[{"href":"https:\/\/host86.com.br\/clientes20\/kingo\/wp-json\/wp\/v2\/media?parent=1411"}],"curies":[{"name":"wp","href":"https:\/\/api.w.org\/{rel}","templated":true}]}}