{"id":1410,"date":"2020-03-27T15:59:10","date_gmt":"2020-03-27T18:59:10","guid":{"rendered":"http:\/\/localhost\/kingo\/produto\/jogo-de-ferramentas-14-em-1-jm-y02\/"},"modified":"2020-04-01T12:49:19","modified_gmt":"2020-04-01T15:49:19","slug":"jogo-de-ferramentas-14-em-1-jm-y02","status":"publish","type":"product","link":"https:\/\/host86.com.br\/clientes20\/kingo\/produto\/jogo-de-ferramentas-14-em-1-jm-y02\/","title":{"rendered":"Jogo de Ferramentas 14 em 1 (JM-Y02)"},"content":{"rendered":"<p>Descri\u00e7\u00e3o do Produto: Um pouco maior que uma caneta normal, voc\u00ea pode carreg\u00e1-lo a qualquer momento; Sem bateria de bateria de l\u00edtio de mudan\u00e7a, com um cabo de carregamento Micro-USB. Uma vez cheio de carga, ele pode continuar trabalhando 3 horas; F\u00e1cil de usar, apenas um bot\u00e3o para controlar no sentido hor\u00e1rio e anti-hor\u00e1rio; Torque: 0.1-2.5kgf.cm;  Velocidade: 395r \/ min; Capacidade da bateria: 800mA; O pacote inclui: 1 x chave de fenda el\u00e9trica; 14 x bits (Philips: 1,5, em linha reta: 1,5, 2,0, Torx: T2, T3, T4, T5, Cinco estrelas: 0,8, 1,2, 1,5, Phillips da placa principal: 1,5, formato Y: 0,8, 2,5, tri\u00e2ngulo: 2,3); 1 x cabo de carregamento Micro-USB;  1 x adaptador<\/p>\n","protected":false},"excerpt":{"rendered":"<p>Descri\u00e7\u00e3o do Produto: Um pouco maior que uma caneta normal, voc\u00ea pode carreg\u00e1-lo a qualquer&#8230;<\/p>\n","protected":false},"featured_media":1894,"comment_status":"closed","ping_status":"closed","template":"","meta":{"_acf_changed":false},"class_list":["post-1410","product","type-product","status-publish","has-post-thumbnail","hentry","product_cat-ferramentas","pa_cores-preto"],"acf":[],"_links":{"self":[{"href":"https:\/\/host86.com.br\/clientes20\/kingo\/wp-json\/wp\/v2\/product\/1410","targetHints":{"allow":["GET"]}}],"collection":[{"href":"https:\/\/host86.com.br\/clientes20\/kingo\/wp-json\/wp\/v2\/product"}],"about":[{"href":"https:\/\/host86.com.br\/clientes20\/kingo\/wp-json\/wp\/v2\/types\/product"}],"replies":[{"embeddable":true,"href":"https:\/\/host86.com.br\/clientes20\/kingo\/wp-json\/wp\/v2\/comments?post=1410"}],"wp:featuredmedia":[{"embeddable":true,"href":"https:\/\/host86.com.br\/clientes20\/kingo\/wp-json\/wp\/v2\/media\/1894"}],"wp:attachment":[{"href":"https:\/\/host86.com.br\/clientes20\/kingo\/wp-json\/wp\/v2\/media?parent=1410"}],"curies":[{"name":"wp","href":"https:\/\/api.w.org\/{rel}","templated":true}]}}