{"id":1406,"date":"2020-03-27T15:59:10","date_gmt":"2020-03-27T18:59:10","guid":{"rendered":"http:\/\/localhost\/kingo\/produto\/jogo-de-ferramentas-jm-8168\/"},"modified":"2020-03-27T15:59:16","modified_gmt":"2020-03-27T18:59:16","slug":"jogo-de-ferramentas-jm-8168","status":"publish","type":"product","link":"https:\/\/host86.com.br\/clientes20\/kingo\/produto\/jogo-de-ferramentas-jm-8168\/","title":{"rendered":"Jogo de Ferramentas (JM-8168)"},"content":{"rendered":"<p>Marca: JAKEMY; Modelo: JM-8168; Bits Material: S2 steel;  Bits comprimento: 28mm; Di\u00e2metro dos bocados: 4mm; Lidar com material: Liga de alum\u00ednio; Caixa tamanho: 48,5 x 26 x 23 (50pcs); Combina\u00e7\u00e3o de acess\u00f3rios: 24 in 1<\/p>\n","protected":false},"excerpt":{"rendered":"<p>Marca: JAKEMY; Modelo: JM-8168; Bits Material: S2 steel; Bits comprimento: 28mm; Di\u00e2metro dos bocados: 4mm;&#8230;<\/p>\n","protected":false},"featured_media":0,"comment_status":"closed","ping_status":"open","template":"","meta":{"_acf_changed":false},"class_list":["post-1406","product","type-product","status-publish","hentry","product_cat-ferramentas","pa_cores-preto"],"acf":[],"_links":{"self":[{"href":"https:\/\/host86.com.br\/clientes20\/kingo\/wp-json\/wp\/v2\/product\/1406","targetHints":{"allow":["GET"]}}],"collection":[{"href":"https:\/\/host86.com.br\/clientes20\/kingo\/wp-json\/wp\/v2\/product"}],"about":[{"href":"https:\/\/host86.com.br\/clientes20\/kingo\/wp-json\/wp\/v2\/types\/product"}],"replies":[{"embeddable":true,"href":"https:\/\/host86.com.br\/clientes20\/kingo\/wp-json\/wp\/v2\/comments?post=1406"}],"wp:attachment":[{"href":"https:\/\/host86.com.br\/clientes20\/kingo\/wp-json\/wp\/v2\/media?parent=1406"}],"curies":[{"name":"wp","href":"https:\/\/api.w.org\/{rel}","templated":true}]}}