{"id":1404,"date":"2020-03-27T15:59:10","date_gmt":"2020-03-27T18:59:10","guid":{"rendered":"http:\/\/localhost\/kingo\/produto\/jogo-de-ferramentas-62-em-1-jm-8163\/"},"modified":"2020-03-27T15:59:15","modified_gmt":"2020-03-27T18:59:15","slug":"jogo-de-ferramentas-62-em-1-jm-8163","status":"publish","type":"product","link":"https:\/\/host86.com.br\/clientes20\/kingo\/produto\/jogo-de-ferramentas-62-em-1-jm-8163\/","title":{"rendered":"Jogo de Ferramentas 62 em 1 (JM-8163)"},"content":{"rendered":"<p>JAKEMY JM-8163 62-em-1 Ferramenta de Reparo com Fenda Multifuncional; Conjunto de ferramentas manuais preciso 62 em 1; Punho ergom\u00e9trico antiderrapante, mais confort\u00e1vel e conveniente para usar; Especifica\u00e7\u00f5es: Marca: JAKEMY; Modelo: JM-8163; Modelo De Bits De Chave De Fenda: Torx: T2 \/ T3 \/ T4 \/ T5 \/ T6 \/ T7 \/ T8 \/ T9 \/ T10 \/ T15 \/ T20; Entalhado: 1.0 \/ 1.5 \/ 2.0 \/ 2.5 \/ 3.0 \/ 3.5 \/ 4.0; Phillips: 1.0 \/ 1.5 \/ 2.0 \/ 2.5 \/ 3.0 \/ 3.5; Hex: H0.9 \/ H1.3 \/ H1.5 \/ H2.0 \/ H2.5 \/ H3.0 \/ H3.5 \/ H4.0 \/ H4.5 \/ H5.0 \/ H6.0; Tri\u00e2ngulo: 2,0, 2,3, 3,0; Tri-asa: Y0.8 \/ Y2.0 \/ Y2.5 \/ Y3.0; Pentalobe: 0.8 \/ 1.2 \/ 1.5 \/ 2.0; Forma De U: U2.6; Phillips Especiais: 1,5; m\u00e9trica: m2.5 \/ m3.0 \/ m3.5 \/ m4.0 \/ m4.5 \/ m5.0; Compat\u00edvel com: 1 X JAKEMY JM-8163 62-em-1 Chave De Fenda Multi-funcional Ferramenta De Reparo 1 X Manual<\/p>\n","protected":false},"excerpt":{"rendered":"<p>JAKEMY JM-8163 62-em-1 Ferramenta de Reparo com Fenda Multifuncional; Conjunto de ferramentas manuais preciso 62&#8230;<\/p>\n","protected":false},"featured_media":0,"comment_status":"closed","ping_status":"open","template":"","meta":{"_acf_changed":false},"class_list":["post-1404","product","type-product","status-publish","hentry","product_cat-ferramentas","pa_cores-prata"],"acf":[],"_links":{"self":[{"href":"https:\/\/host86.com.br\/clientes20\/kingo\/wp-json\/wp\/v2\/product\/1404","targetHints":{"allow":["GET"]}}],"collection":[{"href":"https:\/\/host86.com.br\/clientes20\/kingo\/wp-json\/wp\/v2\/product"}],"about":[{"href":"https:\/\/host86.com.br\/clientes20\/kingo\/wp-json\/wp\/v2\/types\/product"}],"replies":[{"embeddable":true,"href":"https:\/\/host86.com.br\/clientes20\/kingo\/wp-json\/wp\/v2\/comments?post=1404"}],"wp:attachment":[{"href":"https:\/\/host86.com.br\/clientes20\/kingo\/wp-json\/wp\/v2\/media?parent=1404"}],"curies":[{"name":"wp","href":"https:\/\/api.w.org\/{rel}","templated":true}]}}