{"id":1403,"date":"2020-03-27T15:59:10","date_gmt":"2020-03-27T18:59:10","guid":{"rendered":"http:\/\/localhost\/kingo\/produto\/jogo-de-ferramentas-33-em-1-jm-8160\/"},"modified":"2020-03-27T15:59:15","modified_gmt":"2020-03-27T18:59:15","slug":"jogo-de-ferramentas-33-em-1-jm-8160","status":"publish","type":"product","link":"https:\/\/host86.com.br\/clientes20\/kingo\/produto\/jogo-de-ferramentas-33-em-1-jm-8160\/","title":{"rendered":"Jogo de Ferramentas 33 em 1 (JM-8160)"},"content":{"rendered":"<p>Kit de Chaves Jakemy JM-8160 33 em 1 Multi-funcional JM8160; Barra de extens\u00e3o macia de m\u00faltiplos \u00e2ngulos e barra de extens\u00e3o, apropriada para diferentes necessidades; Conjunto de ferramentas perfeitas para manuten\u00e7\u00e3o e repara\u00e7\u00e3o do dispositivo eletr\u00f4nico.; Design ergon\u00f4mico, confort\u00e1vel para usar; Pacote inclui: Identificador de antiderrapante 1 x 105mm; 1x pin\u00e7as de ponta curvada; 1x barra de extens\u00e3o de x H4x60mm; 1x barra de extens\u00e3o macia de m\u00faltiplos \u00e2ngulos de x H4x100mm; Bits de chave de fenda (4x28mm): Torx (T3 \/ T4 \/ T5 \/ T6 \/ T7 \/ T8 \/ T9 \/ T10), Cruz (1.5 \/ 2.5 \/ 3.5), Slot (1.0 \/ 2.0 \/ 3.0), Hex (H2.0 \/ H3.0), Ponto confluem (Y0.8), Pentalobe (0.8 \/ 1.2), Quadrex(1.5); Soquete (4x28mm): M2.5 \/ M3.0 \/ M3.5 \/ M4.0 \/ M4.5; Endurecido bit S2 (4x28mm): #2 \/ #3 \/ 4 # \/ #5; Material: Pl\u00e1stico, Metal.<\/p>\n","protected":false},"excerpt":{"rendered":"<p>Kit de Chaves Jakemy JM-8160 33 em 1 Multi-funcional JM8160; Barra de extens\u00e3o macia de&#8230;<\/p>\n","protected":false},"featured_media":0,"comment_status":"closed","ping_status":"open","template":"","meta":{"_acf_changed":false},"class_list":["post-1403","product","type-product","status-publish","hentry","product_cat-ferramentas","pa_cores-laranja-com-preto","pa_cores-prata"],"acf":[],"_links":{"self":[{"href":"https:\/\/host86.com.br\/clientes20\/kingo\/wp-json\/wp\/v2\/product\/1403","targetHints":{"allow":["GET"]}}],"collection":[{"href":"https:\/\/host86.com.br\/clientes20\/kingo\/wp-json\/wp\/v2\/product"}],"about":[{"href":"https:\/\/host86.com.br\/clientes20\/kingo\/wp-json\/wp\/v2\/types\/product"}],"replies":[{"embeddable":true,"href":"https:\/\/host86.com.br\/clientes20\/kingo\/wp-json\/wp\/v2\/comments?post=1403"}],"wp:attachment":[{"href":"https:\/\/host86.com.br\/clientes20\/kingo\/wp-json\/wp\/v2\/media?parent=1403"}],"curies":[{"name":"wp","href":"https:\/\/api.w.org\/{rel}","templated":true}]}}