{"id":1402,"date":"2020-03-27T15:59:10","date_gmt":"2020-03-27T18:59:10","guid":{"rendered":"http:\/\/localhost\/kingo\/produto\/jogo-de-ferramentas-33-em-1-jm-8101\/"},"modified":"2020-04-01T12:51:13","modified_gmt":"2020-04-01T15:51:13","slug":"jogo-de-ferramentas-33-em-1-jm-8101","status":"publish","type":"product","link":"https:\/\/host86.com.br\/clientes20\/kingo\/produto\/jogo-de-ferramentas-33-em-1-jm-8101\/","title":{"rendered":"Jogo de Ferramentas 33 em 1 (JM-8101)"},"content":{"rendered":"<p>Especifica\u00e7\u00f5es: JAKEMY JM -8101 33 em 1, \u00e9 um estojo de ferramentas de telecomunica\u00e7\u00e3o para manuten\u00e7\u00e3o; Principais Caracter\u00edsticas : Ele inclui tipos de cabe\u00e7a 20 do parafuso: Slotted (1,5 mm \/ 2,0 mil\u00edmetros \/ 2,5 mil\u00edmetros \/ 3,0 mil\u00edmetros \/ 3,5 mm); Cruz (1,5 mm \/ 2,0 mm \/ 2,5 mm \/ 3,0 mm \/ 3,5 mm); Torx (T3 \/ T4 \/ T5 \/ T6 \/ T7 \/ T8 \/ T9 \/ T10 \/ T15 \/ T20 \/ 0,8); Feiti\u00e7o (H1.3 \/ H1.5 \/ H2.0 \/ H2.5 \/ H3.0 \/ H4.0); U2.6; Y2.0; Tri\u00e2ngulo ; Ele tamb\u00e9m inclui um identificador antiderrapante, uma barra de extens\u00e3o multifun\u00e7\u00f5es e uma pin\u00e7a ; \u00d3tima ferramenta para equipamentos de telecomunica\u00e7\u00e3o.<\/p>\n","protected":false},"excerpt":{"rendered":"<p>Especifica\u00e7\u00f5es: JAKEMY JM -8101 33 em 1, \u00e9 um estojo de ferramentas de telecomunica\u00e7\u00e3o para&#8230;<\/p>\n","protected":false},"featured_media":1897,"comment_status":"closed","ping_status":"closed","template":"","meta":{"_acf_changed":false},"class_list":["post-1402","product","type-product","status-publish","has-post-thumbnail","hentry","product_cat-ferramentas","pa_cores-laranja-com-preto","pa_cores-prata"],"acf":[],"_links":{"self":[{"href":"https:\/\/host86.com.br\/clientes20\/kingo\/wp-json\/wp\/v2\/product\/1402","targetHints":{"allow":["GET"]}}],"collection":[{"href":"https:\/\/host86.com.br\/clientes20\/kingo\/wp-json\/wp\/v2\/product"}],"about":[{"href":"https:\/\/host86.com.br\/clientes20\/kingo\/wp-json\/wp\/v2\/types\/product"}],"replies":[{"embeddable":true,"href":"https:\/\/host86.com.br\/clientes20\/kingo\/wp-json\/wp\/v2\/comments?post=1402"}],"wp:featuredmedia":[{"embeddable":true,"href":"https:\/\/host86.com.br\/clientes20\/kingo\/wp-json\/wp\/v2\/media\/1897"}],"wp:attachment":[{"href":"https:\/\/host86.com.br\/clientes20\/kingo\/wp-json\/wp\/v2\/media?parent=1402"}],"curies":[{"name":"wp","href":"https:\/\/api.w.org\/{rel}","templated":true}]}}