{"id":1401,"date":"2020-03-27T15:59:10","date_gmt":"2020-03-27T18:59:10","guid":{"rendered":"http:\/\/localhost\/kingo\/produto\/jogo-de-ferramentas-43-em-1-jm-6102\/"},"modified":"2020-04-01T12:53:01","modified_gmt":"2020-04-01T15:53:01","slug":"jogo-de-ferramentas-43-em-1-jm-6102","status":"publish","type":"product","link":"https:\/\/host86.com.br\/clientes20\/kingo\/produto\/jogo-de-ferramentas-43-em-1-jm-6102\/","title":{"rendered":"Jogo de Ferramentas 43 em 1 (JM-6102)"},"content":{"rendered":"<p>Especifica\u00e7\u00f5es: Modelo JM-6102; Cor Laranja &#038; Silver &#038; Black; Quantidade 1 Set; Preto Material niquelado; Parafuso Cabe\u00e7a Tipo All-in-One; Ferramentas de reparo de aplicativos; Chave de fenda Modelo Soquete: M5.0 \/ M6.0 \/ M7.0 \/ M8.0 \/ M9.0 \/ M10 \/ M11 \/ M12 \/ M13; Branco niquelado Superf\u00edcie Torx: T4 \/ T5 \/ T6, Phillips: 2.0 \/ 3.0; Encaixados: 1,0 \/ 1,5 \/ 2,0; Tipo Cinco estrelas: 0,8; U Tipo: U2.6; Superf\u00edcie Preta niquelado: com fenda: 5.0 \/ 6.0 \/ 7.0; Phillips: 5.0 \/ 6.0 \/ 6.5; Torx: T4 \/ T5 \/ T6 \/ T10 \/ T15 \/ T20 \/ T30; Hex: H4.0 \/ H5.0 \/ H6.0; Y Tipo: Y3; U Tipo: U6 \/ U8, PZ3; Peso 19,75  \/ 560g; Dimens\u00f5es (7,48 x 1,54 x 1,54) &#8220;\/ (19 x 3,9 x 3,9) cm (L x W x H); Pacote Inclui: 1 x Ratchet Handle; 1 x cabo curto; 2 x Conector; 9 x soquetes; 30 x Bits.<\/p>\n","protected":false},"excerpt":{"rendered":"<p>Especifica\u00e7\u00f5es: Modelo JM-6102; Cor Laranja &#038; Silver &#038; Black; Quantidade 1 Set; Preto Material niquelado;&#8230;<\/p>\n","protected":false},"featured_media":1900,"comment_status":"closed","ping_status":"closed","template":"","meta":{"_acf_changed":false},"class_list":["post-1401","product","type-product","status-publish","has-post-thumbnail","hentry","product_cat-ferramentas","pa_cores-laranja-com-preto","pa_cores-prata"],"acf":[],"_links":{"self":[{"href":"https:\/\/host86.com.br\/clientes20\/kingo\/wp-json\/wp\/v2\/product\/1401","targetHints":{"allow":["GET"]}}],"collection":[{"href":"https:\/\/host86.com.br\/clientes20\/kingo\/wp-json\/wp\/v2\/product"}],"about":[{"href":"https:\/\/host86.com.br\/clientes20\/kingo\/wp-json\/wp\/v2\/types\/product"}],"replies":[{"embeddable":true,"href":"https:\/\/host86.com.br\/clientes20\/kingo\/wp-json\/wp\/v2\/comments?post=1401"}],"wp:featuredmedia":[{"embeddable":true,"href":"https:\/\/host86.com.br\/clientes20\/kingo\/wp-json\/wp\/v2\/media\/1900"}],"wp:attachment":[{"href":"https:\/\/host86.com.br\/clientes20\/kingo\/wp-json\/wp\/v2\/media?parent=1401"}],"curies":[{"name":"wp","href":"https:\/\/api.w.org\/{rel}","templated":true}]}}