{"id":1400,"date":"2020-03-27T15:59:10","date_gmt":"2020-03-27T18:59:10","guid":{"rendered":"http:\/\/localhost\/kingo\/produto\/caixa-de-som-bluetooth-com-despertador-s688\/"},"modified":"2020-03-27T15:59:14","modified_gmt":"2020-03-27T18:59:14","slug":"caixa-de-som-bluetooth-com-despertador-s688","status":"publish","type":"product","link":"https:\/\/host86.com.br\/clientes20\/kingo\/produto\/caixa-de-som-bluetooth-com-despertador-s688\/","title":{"rendered":"Caixa de Som Bluetooth com Despertador (S688)"},"content":{"rendered":"<p>Fun\u00e7\u00f5es: Exibi\u00e7\u00e3o de horas no display; 7 diferentes cores; Fun\u00e7\u00e3o despertador; Temporiza\u00e7\u00e3o de luz de despertador; R\u00e1dio FM; Bluetooth 4.2; Sa\u00edda auxiliar P2; Cart\u00e3o de Mem\u00f3ria; Pen Drive; Tamanho: 170mm x 170mm x 102mm; Dist\u00e2ncia : 10 metros; Bateria: 500mAh. Ap\u00f3s a carga completa, no volume normal (70%) pode ser reproduzido continuamente por cerca de 10 horas ou brilho m\u00e1ximo da luz pode ser usado por cerca de 10 horas.<\/p>\n","protected":false},"excerpt":{"rendered":"<p>Fun\u00e7\u00f5es: Exibi\u00e7\u00e3o de horas no display; 7 diferentes cores; Fun\u00e7\u00e3o despertador; Temporiza\u00e7\u00e3o de luz de&#8230;<\/p>\n","protected":false},"featured_media":0,"comment_status":"closed","ping_status":"open","template":"","meta":{"_acf_changed":false},"class_list":["post-1400","product","type-product","status-publish","hentry","product_cat-caixas-de-som","pa_cores-multicolor"],"acf":[],"_links":{"self":[{"href":"https:\/\/host86.com.br\/clientes20\/kingo\/wp-json\/wp\/v2\/product\/1400","targetHints":{"allow":["GET"]}}],"collection":[{"href":"https:\/\/host86.com.br\/clientes20\/kingo\/wp-json\/wp\/v2\/product"}],"about":[{"href":"https:\/\/host86.com.br\/clientes20\/kingo\/wp-json\/wp\/v2\/types\/product"}],"replies":[{"embeddable":true,"href":"https:\/\/host86.com.br\/clientes20\/kingo\/wp-json\/wp\/v2\/comments?post=1400"}],"wp:attachment":[{"href":"https:\/\/host86.com.br\/clientes20\/kingo\/wp-json\/wp\/v2\/media?parent=1400"}],"curies":[{"name":"wp","href":"https:\/\/api.w.org\/{rel}","templated":true}]}}